{"id":6426,"date":"2026-04-11T15:56:23","date_gmt":"2026-04-11T15:56:23","guid":{"rendered":"https:\/\/pualuan.cl\/outdoor\/?post_type=product&#038;p=6426"},"modified":"2026-04-11T15:56:23","modified_gmt":"2026-04-11T15:56:23","slug":"botella-lhotse-650-ml","status":"publish","type":"product","link":"https:\/\/pualuan.cl\/outdoor\/producto\/botella-lhotse-650-ml\/","title":{"rendered":"Botella Lhotse 650 ml"},"content":{"rendered":"<p>Botella t\u00e9rmica insulada Lhotse Adventure 650 ml<\/p>\n<p>Mantiene l\u00edquidos fr\u00edos por mas de 12 horas y calientes por mas de 10 horas<\/p>\n<p>fabricada en acero inoxidable 304 material resistente y libre de BPA<\/p>\n<p>Incluye una\u00a0 bombilla plegable a prueba de fugas y un asa de transporte integrada a la tapa<\/p>\n<p>&nbsp;<\/p>\n","protected":false},"excerpt":{"rendered":"<p>Botella t\u00e9rmica insulada Lhotse Adventure 650 ml Mantiene l\u00edquidos fr\u00edos por mas de 12 horas y calientes por mas de 10 horas fabricada en acero inoxidable 304 material resistente y&#8230;<\/p>\n","protected":false},"featured_media":6427,"comment_status":"open","ping_status":"closed","template":"","meta":{"_joinchat":[]},"product_brand":[105],"product_cat":[88],"product_tag":[],"class_list":{"0":"post-6426","1":"product","2":"type-product","3":"status-publish","4":"has-post-thumbnail","6":"product_brand-lhotse","7":"product_cat-termos-y-botellas","9":"first","10":"instock","11":"shipping-taxable","12":"purchasable","13":"product-type-simple"},"_links":{"self":[{"href":"https:\/\/pualuan.cl\/outdoor\/wp-json\/wp\/v2\/product\/6426","targetHints":{"allow":["GET"]}}],"collection":[{"href":"https:\/\/pualuan.cl\/outdoor\/wp-json\/wp\/v2\/product"}],"about":[{"href":"https:\/\/pualuan.cl\/outdoor\/wp-json\/wp\/v2\/types\/product"}],"replies":[{"embeddable":true,"href":"https:\/\/pualuan.cl\/outdoor\/wp-json\/wp\/v2\/comments?post=6426"}],"wp:featuredmedia":[{"embeddable":true,"href":"https:\/\/pualuan.cl\/outdoor\/wp-json\/wp\/v2\/media\/6427"}],"wp:attachment":[{"href":"https:\/\/pualuan.cl\/outdoor\/wp-json\/wp\/v2\/media?parent=6426"}],"wp:term":[{"taxonomy":"product_brand","embeddable":true,"href":"https:\/\/pualuan.cl\/outdoor\/wp-json\/wp\/v2\/product_brand?post=6426"},{"taxonomy":"product_cat","embeddable":true,"href":"https:\/\/pualuan.cl\/outdoor\/wp-json\/wp\/v2\/product_cat?post=6426"},{"taxonomy":"product_tag","embeddable":true,"href":"https:\/\/pualuan.cl\/outdoor\/wp-json\/wp\/v2\/product_tag?post=6426"}],"curies":[{"name":"wp","href":"https:\/\/api.w.org\/{rel}","templated":true}]}}