{"id":6423,"date":"2026-04-11T15:45:19","date_gmt":"2026-04-11T15:45:19","guid":{"rendered":"https:\/\/pualuan.cl\/outdoor\/?post_type=product&#038;p=6423"},"modified":"2026-04-11T15:45:19","modified_gmt":"2026-04-11T15:45:19","slug":"kit-termo-mate-lukout-1200-ml","status":"publish","type":"product","link":"https:\/\/pualuan.cl\/outdoor\/producto\/kit-termo-mate-lukout-1200-ml\/","title":{"rendered":"Kit Termo Mate  Lukout  1200 ml"},"content":{"rendered":"<p>Termo 1.2 litros<\/p>\n<p>mate 170 ml<\/p>\n<p>incluye bombilla\u00a0 y tambi\u00e9n Stickers<\/p>\n<p>34 horas l\u00edquidos fr\u00edos<\/p>\n<p>17 horas de calor<\/p>\n","protected":false},"excerpt":{"rendered":"<p>Termo 1.2 litros mate 170 ml incluye bombilla\u00a0 y tambi\u00e9n Stickers 34 horas l\u00edquidos fr\u00edos 17 horas de calor<\/p>\n","protected":false},"featured_media":6425,"comment_status":"open","ping_status":"closed","template":"","meta":{"_joinchat":[]},"product_brand":[111],"product_cat":[88],"product_tag":[],"class_list":{"0":"post-6423","1":"product","2":"type-product","3":"status-publish","4":"has-post-thumbnail","6":"product_brand-lukout","7":"product_cat-termos-y-botellas","9":"first","10":"instock","11":"shipping-taxable","12":"purchasable","13":"product-type-simple"},"_links":{"self":[{"href":"https:\/\/pualuan.cl\/outdoor\/wp-json\/wp\/v2\/product\/6423","targetHints":{"allow":["GET"]}}],"collection":[{"href":"https:\/\/pualuan.cl\/outdoor\/wp-json\/wp\/v2\/product"}],"about":[{"href":"https:\/\/pualuan.cl\/outdoor\/wp-json\/wp\/v2\/types\/product"}],"replies":[{"embeddable":true,"href":"https:\/\/pualuan.cl\/outdoor\/wp-json\/wp\/v2\/comments?post=6423"}],"wp:featuredmedia":[{"embeddable":true,"href":"https:\/\/pualuan.cl\/outdoor\/wp-json\/wp\/v2\/media\/6425"}],"wp:attachment":[{"href":"https:\/\/pualuan.cl\/outdoor\/wp-json\/wp\/v2\/media?parent=6423"}],"wp:term":[{"taxonomy":"product_brand","embeddable":true,"href":"https:\/\/pualuan.cl\/outdoor\/wp-json\/wp\/v2\/product_brand?post=6423"},{"taxonomy":"product_cat","embeddable":true,"href":"https:\/\/pualuan.cl\/outdoor\/wp-json\/wp\/v2\/product_cat?post=6423"},{"taxonomy":"product_tag","embeddable":true,"href":"https:\/\/pualuan.cl\/outdoor\/wp-json\/wp\/v2\/product_tag?post=6423"}],"curies":[{"name":"wp","href":"https:\/\/api.w.org\/{rel}","templated":true}]}}