{"id":6384,"date":"2026-04-09T22:30:48","date_gmt":"2026-04-09T22:30:48","guid":{"rendered":"https:\/\/pualuan.cl\/outdoor\/?post_type=product&#038;p=6384"},"modified":"2026-04-09T22:30:48","modified_gmt":"2026-04-09T22:30:48","slug":"termo-metalico","status":"publish","type":"product","link":"https:\/\/pualuan.cl\/outdoor\/producto\/termo-metalico\/","title":{"rendered":"Termo Metalico"},"content":{"rendered":"<p>Termo Met\u00e1lico 1.6 litros , para l\u00edquidos calientes y fr\u00edos<\/p>\n<p>Con vaso incorporado de acero inoxidable y tomador para f\u00e1cil traslado<\/p>\n<p>&nbsp;<\/p>\n","protected":false},"excerpt":{"rendered":"<p>Termo Met\u00e1lico 1.6 litros , para l\u00edquidos calientes y fr\u00edos Con vaso incorporado de acero inoxidable y tomador para f\u00e1cil traslado &nbsp;<\/p>\n","protected":false},"featured_media":6385,"comment_status":"open","ping_status":"closed","template":"","meta":{"_joinchat":[]},"product_brand":[],"product_cat":[88],"product_tag":[],"class_list":{"0":"post-6384","1":"product","2":"type-product","3":"status-publish","4":"has-post-thumbnail","6":"product_cat-termos-y-botellas","8":"first","9":"instock","10":"shipping-taxable","11":"purchasable","12":"product-type-simple"},"_links":{"self":[{"href":"https:\/\/pualuan.cl\/outdoor\/wp-json\/wp\/v2\/product\/6384","targetHints":{"allow":["GET"]}}],"collection":[{"href":"https:\/\/pualuan.cl\/outdoor\/wp-json\/wp\/v2\/product"}],"about":[{"href":"https:\/\/pualuan.cl\/outdoor\/wp-json\/wp\/v2\/types\/product"}],"replies":[{"embeddable":true,"href":"https:\/\/pualuan.cl\/outdoor\/wp-json\/wp\/v2\/comments?post=6384"}],"wp:featuredmedia":[{"embeddable":true,"href":"https:\/\/pualuan.cl\/outdoor\/wp-json\/wp\/v2\/media\/6385"}],"wp:attachment":[{"href":"https:\/\/pualuan.cl\/outdoor\/wp-json\/wp\/v2\/media?parent=6384"}],"wp:term":[{"taxonomy":"product_brand","embeddable":true,"href":"https:\/\/pualuan.cl\/outdoor\/wp-json\/wp\/v2\/product_brand?post=6384"},{"taxonomy":"product_cat","embeddable":true,"href":"https:\/\/pualuan.cl\/outdoor\/wp-json\/wp\/v2\/product_cat?post=6384"},{"taxonomy":"product_tag","embeddable":true,"href":"https:\/\/pualuan.cl\/outdoor\/wp-json\/wp\/v2\/product_tag?post=6384"}],"curies":[{"name":"wp","href":"https:\/\/api.w.org\/{rel}","templated":true}]}}