{"id":5917,"date":"2026-01-05T19:45:54","date_gmt":"2026-01-05T19:45:54","guid":{"rendered":"https:\/\/pualuan.cl\/outdoor\/?post_type=product&#038;p=5917"},"modified":"2026-01-05T19:45:54","modified_gmt":"2026-01-05T19:45:54","slug":"short-hombre-cargo-adventure-barun-uv50-lhotse-verde","status":"publish","type":"product","link":"https:\/\/pualuan.cl\/outdoor\/producto\/short-hombre-cargo-adventure-barun-uv50-lhotse-verde\/","title":{"rendered":"Short Hombre Cargo Adventure Barun UV50+ Lhotse verde"},"content":{"rendered":"<p>Short Barun: ligero, el\u00e1stico y de secado r\u00e1pido. Con protecci\u00f3n UV50+ y acabado repelente al agua, perfecto para tus aventuras de verano en la ciudad o la monta\u00f1a.<\/p>\n","protected":false},"excerpt":{"rendered":"<p>Short Barun: ligero, el\u00e1stico y de secado r\u00e1pido. Con protecci\u00f3n UV50+ y acabado repelente al agua, perfecto para tus aventuras de verano en la ciudad o la monta\u00f1a.<\/p>\n","protected":false},"featured_media":5915,"comment_status":"open","ping_status":"closed","template":"","meta":{"_joinchat":[]},"product_brand":[105],"product_cat":[45],"product_tag":[],"class_list":{"0":"post-5917","1":"product","2":"type-product","3":"status-publish","4":"has-post-thumbnail","6":"product_brand-lhotse","7":"product_cat-ropa","9":"first","10":"instock","11":"shipping-taxable","12":"purchasable","13":"product-type-simple"},"_links":{"self":[{"href":"https:\/\/pualuan.cl\/outdoor\/wp-json\/wp\/v2\/product\/5917","targetHints":{"allow":["GET"]}}],"collection":[{"href":"https:\/\/pualuan.cl\/outdoor\/wp-json\/wp\/v2\/product"}],"about":[{"href":"https:\/\/pualuan.cl\/outdoor\/wp-json\/wp\/v2\/types\/product"}],"replies":[{"embeddable":true,"href":"https:\/\/pualuan.cl\/outdoor\/wp-json\/wp\/v2\/comments?post=5917"}],"wp:featuredmedia":[{"embeddable":true,"href":"https:\/\/pualuan.cl\/outdoor\/wp-json\/wp\/v2\/media\/5915"}],"wp:attachment":[{"href":"https:\/\/pualuan.cl\/outdoor\/wp-json\/wp\/v2\/media?parent=5917"}],"wp:term":[{"taxonomy":"product_brand","embeddable":true,"href":"https:\/\/pualuan.cl\/outdoor\/wp-json\/wp\/v2\/product_brand?post=5917"},{"taxonomy":"product_cat","embeddable":true,"href":"https:\/\/pualuan.cl\/outdoor\/wp-json\/wp\/v2\/product_cat?post=5917"},{"taxonomy":"product_tag","embeddable":true,"href":"https:\/\/pualuan.cl\/outdoor\/wp-json\/wp\/v2\/product_tag?post=5917"}],"curies":[{"name":"wp","href":"https:\/\/api.w.org\/{rel}","templated":true}]}}