{"id":5907,"date":"2026-01-05T19:21:05","date_gmt":"2026-01-05T19:21:05","guid":{"rendered":"https:\/\/pualuan.cl\/outdoor\/?post_type=product&#038;p=5907"},"modified":"2026-04-08T21:40:30","modified_gmt":"2026-04-08T21:40:30","slug":"parlante-portatil-bluetooth-lhotse-tune-up-rojo","status":"publish","type":"product","link":"https:\/\/pualuan.cl\/outdoor\/producto\/parlante-portatil-bluetooth-lhotse-tune-up-rojo\/","title":{"rendered":"Parlante Portatil Bluetooth Lhotse Tune Up rojo"},"content":{"rendered":"<p>Parlante Bluetooth port\u00e1til Lhotse Tune Up: compacto, pr\u00e1ctico y con gran sonido para acompa\u00f1arte donde vayas. Cuenta con bater\u00eda de 1200mAh para 8\u201310 horas de m\u00fasica, conexi\u00f3n Bluetooth 5.0, y entradas USB, AUX y Micro SD. Disponible en 4 colores. \u00a1Ideal para aventuras y uso diario!<\/p>\n","protected":false},"excerpt":{"rendered":"<p>Parlante Bluetooth port\u00e1til Lhotse Tune Up: compacto, pr\u00e1ctico y con gran sonido para acompa\u00f1arte donde vayas. Cuenta con bater\u00eda de 1200mAh para 8\u201310 horas de m\u00fasica, conexi\u00f3n Bluetooth 5.0, y&#8230;<\/p>\n","protected":false},"featured_media":5908,"comment_status":"open","ping_status":"closed","template":"","meta":{"_joinchat":[]},"product_brand":[105],"product_cat":[46],"product_tag":[],"class_list":{"0":"post-5907","1":"product","2":"type-product","3":"status-publish","4":"has-post-thumbnail","6":"product_brand-lhotse","7":"product_cat-electronica-y-solar","9":"first","10":"outofstock","11":"shipping-taxable","12":"purchasable","13":"product-type-simple"},"_links":{"self":[{"href":"https:\/\/pualuan.cl\/outdoor\/wp-json\/wp\/v2\/product\/5907","targetHints":{"allow":["GET"]}}],"collection":[{"href":"https:\/\/pualuan.cl\/outdoor\/wp-json\/wp\/v2\/product"}],"about":[{"href":"https:\/\/pualuan.cl\/outdoor\/wp-json\/wp\/v2\/types\/product"}],"replies":[{"embeddable":true,"href":"https:\/\/pualuan.cl\/outdoor\/wp-json\/wp\/v2\/comments?post=5907"}],"wp:featuredmedia":[{"embeddable":true,"href":"https:\/\/pualuan.cl\/outdoor\/wp-json\/wp\/v2\/media\/5908"}],"wp:attachment":[{"href":"https:\/\/pualuan.cl\/outdoor\/wp-json\/wp\/v2\/media?parent=5907"}],"wp:term":[{"taxonomy":"product_brand","embeddable":true,"href":"https:\/\/pualuan.cl\/outdoor\/wp-json\/wp\/v2\/product_brand?post=5907"},{"taxonomy":"product_cat","embeddable":true,"href":"https:\/\/pualuan.cl\/outdoor\/wp-json\/wp\/v2\/product_cat?post=5907"},{"taxonomy":"product_tag","embeddable":true,"href":"https:\/\/pualuan.cl\/outdoor\/wp-json\/wp\/v2\/product_tag?post=5907"}],"curies":[{"name":"wp","href":"https:\/\/api.w.org\/{rel}","templated":true}]}}