{"id":5865,"date":"2025-11-14T20:13:11","date_gmt":"2025-11-14T20:13:11","guid":{"rendered":"https:\/\/pualuan.cl\/outdoor\/?post_type=product&#038;p=5865"},"modified":"2025-11-14T20:17:02","modified_gmt":"2025-11-14T20:17:02","slug":"jardineras-salvaje-kids-negra-talla-6-7","status":"publish","type":"product","link":"https:\/\/pualuan.cl\/outdoor\/producto\/jardineras-salvaje-kids-negra-talla-6-7\/","title":{"rendered":"Jardineras salvaje kids negra talla 6-7"},"content":{"rendered":"<p>Las jardineras impermeables Salvaje Kids son ideales para que los ni\u00f1os jueguen, exploren y disfruten sin preocuparse por la lluvia o el barro. Son ligeras, c\u00f3modas y totalmente a prueba de agua, perfectas para el jard\u00edn infantil, salidas outdoor o d\u00edas h\u00famedos.<\/p>\n<p>Caracter\u00edsticas principales:<\/p>\n<ul>\n<li>100% impermeables y resistentes.<\/li>\n<li>Material liviano y flexible que permite moverse con libertad.<\/li>\n<li>Tiras ajustables y broches laterales para mejor calce.<\/li>\n<li>F\u00e1cil lavado y secado r\u00e1pido.<\/li>\n<li>Protege la ropa del agua, barro y humedad.<\/li>\n<\/ul>\n<p>Hechas para peque\u00f1os aventureros que no paran nunca.<\/p>\n","protected":false},"excerpt":{"rendered":"<p>Las jardineras impermeables Salvaje Kids son ideales para que los ni\u00f1os jueguen, exploren y disfruten sin preocuparse por la lluvia o el barro. Son ligeras, c\u00f3modas y totalmente a prueba&#8230;<\/p>\n","protected":false},"featured_media":5866,"comment_status":"open","ping_status":"closed","template":"","meta":{"_joinchat":[]},"product_brand":[57],"product_cat":[101],"product_tag":[],"class_list":{"0":"post-5865","1":"product","2":"type-product","3":"status-publish","4":"has-post-thumbnail","6":"product_brand-salvaje-kids","7":"product_cat-infantil","9":"first","10":"instock","11":"shipping-taxable","12":"purchasable","13":"product-type-simple"},"_links":{"self":[{"href":"https:\/\/pualuan.cl\/outdoor\/wp-json\/wp\/v2\/product\/5865","targetHints":{"allow":["GET"]}}],"collection":[{"href":"https:\/\/pualuan.cl\/outdoor\/wp-json\/wp\/v2\/product"}],"about":[{"href":"https:\/\/pualuan.cl\/outdoor\/wp-json\/wp\/v2\/types\/product"}],"replies":[{"embeddable":true,"href":"https:\/\/pualuan.cl\/outdoor\/wp-json\/wp\/v2\/comments?post=5865"}],"wp:featuredmedia":[{"embeddable":true,"href":"https:\/\/pualuan.cl\/outdoor\/wp-json\/wp\/v2\/media\/5866"}],"wp:attachment":[{"href":"https:\/\/pualuan.cl\/outdoor\/wp-json\/wp\/v2\/media?parent=5865"}],"wp:term":[{"taxonomy":"product_brand","embeddable":true,"href":"https:\/\/pualuan.cl\/outdoor\/wp-json\/wp\/v2\/product_brand?post=5865"},{"taxonomy":"product_cat","embeddable":true,"href":"https:\/\/pualuan.cl\/outdoor\/wp-json\/wp\/v2\/product_cat?post=5865"},{"taxonomy":"product_tag","embeddable":true,"href":"https:\/\/pualuan.cl\/outdoor\/wp-json\/wp\/v2\/product_tag?post=5865"}],"curies":[{"name":"wp","href":"https:\/\/api.w.org\/{rel}","templated":true}]}}