{"id":5655,"date":"2025-11-10T21:23:10","date_gmt":"2025-11-10T21:23:10","guid":{"rendered":"https:\/\/pualuan.cl\/outdoor\/?post_type=product&#038;p=5655"},"modified":"2025-11-10T21:24:37","modified_gmt":"2025-11-10T21:24:37","slug":"botella-metalica-national-geographic-750ml","status":"publish","type":"product","link":"https:\/\/pualuan.cl\/outdoor\/producto\/botella-metalica-national-geographic-750ml\/","title":{"rendered":"Botella met\u00e1lica National geographic 750ml"},"content":{"rendered":"<p>Listo para acompa\u00f1arte en cada aventura, este modelo de botella met\u00e1lica National Geographic de 750 ml mantiene tus bebidas fr\u00edas o calientes por m\u00e1s tiempo gracias a su doble capa de acero inoxidable. Su dise\u00f1o verde lima no solo destaca, tambi\u00e9n es resistente, libre de fugas y f\u00e1cil de llevar gracias a su tapa con asa. Ideal para quienes disfrutan explorar sin l\u00edmites y mantenerse siempre hidratados en el camino.<\/p>\n","protected":false},"excerpt":{"rendered":"<p>Listo para acompa\u00f1arte en cada aventura, este modelo de botella met\u00e1lica National Geographic de 750 ml mantiene tus bebidas fr\u00edas o calientes por m\u00e1s tiempo gracias a su doble capa&#8230;<\/p>\n","protected":false},"featured_media":5652,"comment_status":"open","ping_status":"closed","template":"","meta":{"_joinchat":[]},"product_brand":[55],"product_cat":[88],"product_tag":[90,89],"class_list":{"0":"post-5655","1":"product","2":"type-product","3":"status-publish","4":"has-post-thumbnail","6":"product_brand-national-geographic","7":"product_cat-termos-y-botellas","8":"product_tag-national-geographic","9":"product_tag-termo","11":"first","12":"instock","13":"sold-individually","14":"shipping-taxable","15":"purchasable","16":"product-type-simple"},"_links":{"self":[{"href":"https:\/\/pualuan.cl\/outdoor\/wp-json\/wp\/v2\/product\/5655","targetHints":{"allow":["GET"]}}],"collection":[{"href":"https:\/\/pualuan.cl\/outdoor\/wp-json\/wp\/v2\/product"}],"about":[{"href":"https:\/\/pualuan.cl\/outdoor\/wp-json\/wp\/v2\/types\/product"}],"replies":[{"embeddable":true,"href":"https:\/\/pualuan.cl\/outdoor\/wp-json\/wp\/v2\/comments?post=5655"}],"wp:featuredmedia":[{"embeddable":true,"href":"https:\/\/pualuan.cl\/outdoor\/wp-json\/wp\/v2\/media\/5652"}],"wp:attachment":[{"href":"https:\/\/pualuan.cl\/outdoor\/wp-json\/wp\/v2\/media?parent=5655"}],"wp:term":[{"taxonomy":"product_brand","embeddable":true,"href":"https:\/\/pualuan.cl\/outdoor\/wp-json\/wp\/v2\/product_brand?post=5655"},{"taxonomy":"product_cat","embeddable":true,"href":"https:\/\/pualuan.cl\/outdoor\/wp-json\/wp\/v2\/product_cat?post=5655"},{"taxonomy":"product_tag","embeddable":true,"href":"https:\/\/pualuan.cl\/outdoor\/wp-json\/wp\/v2\/product_tag?post=5655"}],"curies":[{"name":"wp","href":"https:\/\/api.w.org\/{rel}","templated":true}]}}