{"id":5573,"date":"2025-09-05T05:14:42","date_gmt":"2025-09-05T05:14:42","guid":{"rendered":"https:\/\/pualuan.cl\/outdoor\/?post_type=product&#038;p=5573"},"modified":"2025-09-05T05:14:42","modified_gmt":"2025-09-05T05:14:42","slug":"audifonos-m90-pro-bluetooth","status":"publish","type":"product","link":"https:\/\/pualuan.cl\/outdoor\/producto\/audifonos-m90-pro-bluetooth\/","title":{"rendered":"Aud\u00edfonos M90 Pro Bluetooth"},"content":{"rendered":"<p><strong>Aud\u00edfonos M90 Pro Bluetooth Con Cancelaci\u00f3n de Ruido<\/strong><\/p>\n<ul>\n<li id=\"tw-target-text\" class=\"tw-data-text tw-text-large tw-ta\" dir=\"ltr\" role=\"text\" data-placeholder=\"Traducci\u00f3n\" data-ved=\"2ahUKEwj9w8_-7MCPAxX9rZUCHUrQCggQ3ewLegQICxAV\" aria-label=\"Texto traducido: Modelo: M90 PRO\nVersi\u00f3n inal\u00e1mbrica: 5.3\nDistancia efectiva: 10-15 m\nFrecuencia: 100 Hz-10 kHz\nCapacidad de la bater\u00eda del estuche: 40 mAh\nCapacidad de la bater\u00eda de los auriculares: 1200 mAh\nAutonom\u00eda de m\u00fasica: 4 horas\nTiempo de conversaci\u00f3n: 4 horas\nTiempo en espera: 150 horas\nTiempo de carga: 1-2 horas\nConsumo de corriente de apagado: 3 UA\"><span class=\"Y2IQFc\" lang=\"es\">Modelo: M90 PRO<\/span><\/li>\n<li class=\"tw-data-text tw-text-large tw-ta\" dir=\"ltr\" role=\"text\" data-placeholder=\"Traducci\u00f3n\" data-ved=\"2ahUKEwj9w8_-7MCPAxX9rZUCHUrQCggQ3ewLegQICxAV\" aria-label=\"Texto traducido: Modelo: M90 PRO\nVersi\u00f3n inal\u00e1mbrica: 5.3\nDistancia efectiva: 10-15 m\nFrecuencia: 100 Hz-10 kHz\nCapacidad de la bater\u00eda del estuche: 40 mAh\nCapacidad de la bater\u00eda de los auriculares: 1200 mAh\nAutonom\u00eda de m\u00fasica: 4 horas\nTiempo de conversaci\u00f3n: 4 horas\nTiempo en espera: 150 horas\nTiempo de carga: 1-2 horas\nConsumo de corriente de apagado: 3 UA\">Versi\u00f3n inal\u00e1mbrica: 5.3<\/li>\n<li class=\"tw-data-text tw-text-large tw-ta\" dir=\"ltr\" role=\"text\" data-placeholder=\"Traducci\u00f3n\" data-ved=\"2ahUKEwj9w8_-7MCPAxX9rZUCHUrQCggQ3ewLegQICxAV\" aria-label=\"Texto traducido: Modelo: M90 PRO\nVersi\u00f3n inal\u00e1mbrica: 5.3\nDistancia efectiva: 10-15 m\nFrecuencia: 100 Hz-10 kHz\nCapacidad de la bater\u00eda del estuche: 40 mAh\nCapacidad de la bater\u00eda de los auriculares: 1200 mAh\nAutonom\u00eda de m\u00fasica: 4 horas\nTiempo de conversaci\u00f3n: 4 horas\nTiempo en espera: 150 horas\nTiempo de carga: 1-2 horas\nConsumo de corriente de apagado: 3 UA\">Distancia efectiva: 10-15 m<\/li>\n<li class=\"tw-data-text tw-text-large tw-ta\" dir=\"ltr\" role=\"text\" data-placeholder=\"Traducci\u00f3n\" data-ved=\"2ahUKEwj9w8_-7MCPAxX9rZUCHUrQCggQ3ewLegQICxAV\" aria-label=\"Texto traducido: Modelo: M90 PRO\nVersi\u00f3n inal\u00e1mbrica: 5.3\nDistancia efectiva: 10-15 m\nFrecuencia: 100 Hz-10 kHz\nCapacidad de la bater\u00eda del estuche: 40 mAh\nCapacidad de la bater\u00eda de los auriculares: 1200 mAh\nAutonom\u00eda de m\u00fasica: 4 horas\nTiempo de conversaci\u00f3n: 4 horas\nTiempo en espera: 150 horas\nTiempo de carga: 1-2 horas\nConsumo de corriente de apagado: 3 UA\">Frecuencia: 100 Hz-10 kHz<\/li>\n<li class=\"tw-data-text tw-text-large tw-ta\" dir=\"ltr\" role=\"text\" data-placeholder=\"Traducci\u00f3n\" data-ved=\"2ahUKEwj9w8_-7MCPAxX9rZUCHUrQCggQ3ewLegQICxAV\" aria-label=\"Texto traducido: Modelo: M90 PRO\nVersi\u00f3n inal\u00e1mbrica: 5.3\nDistancia efectiva: 10-15 m\nFrecuencia: 100 Hz-10 kHz\nCapacidad de la bater\u00eda del estuche: 40 mAh\nCapacidad de la bater\u00eda de los auriculares: 1200 mAh\nAutonom\u00eda de m\u00fasica: 4 horas\nTiempo de conversaci\u00f3n: 4 horas\nTiempo en espera: 150 horas\nTiempo de carga: 1-2 horas\nConsumo de corriente de apagado: 3 UA\">Capacidad de la bater\u00eda del estuche: 40 mAh<\/li>\n<li class=\"tw-data-text tw-text-large tw-ta\" dir=\"ltr\" role=\"text\" data-placeholder=\"Traducci\u00f3n\" data-ved=\"2ahUKEwj9w8_-7MCPAxX9rZUCHUrQCggQ3ewLegQICxAV\" aria-label=\"Texto traducido: Modelo: M90 PRO\nVersi\u00f3n inal\u00e1mbrica: 5.3\nDistancia efectiva: 10-15 m\nFrecuencia: 100 Hz-10 kHz\nCapacidad de la bater\u00eda del estuche: 40 mAh\nCapacidad de la bater\u00eda de los auriculares: 1200 mAh\nAutonom\u00eda de m\u00fasica: 4 horas\nTiempo de conversaci\u00f3n: 4 horas\nTiempo en espera: 150 horas\nTiempo de carga: 1-2 horas\nConsumo de corriente de apagado: 3 UA\">Capacidad de la bater\u00eda de los auriculares: 1200 mAh<\/li>\n<li class=\"tw-data-text tw-text-large tw-ta\" dir=\"ltr\" role=\"text\" data-placeholder=\"Traducci\u00f3n\" data-ved=\"2ahUKEwj9w8_-7MCPAxX9rZUCHUrQCggQ3ewLegQICxAV\" aria-label=\"Texto traducido: Modelo: M90 PRO\nVersi\u00f3n inal\u00e1mbrica: 5.3\nDistancia efectiva: 10-15 m\nFrecuencia: 100 Hz-10 kHz\nCapacidad de la bater\u00eda del estuche: 40 mAh\nCapacidad de la bater\u00eda de los auriculares: 1200 mAh\nAutonom\u00eda de m\u00fasica: 4 horas\nTiempo de conversaci\u00f3n: 4 horas\nTiempo en espera: 150 horas\nTiempo de carga: 1-2 horas\nConsumo de corriente de apagado: 3 UA\">Autonom\u00eda de m\u00fasica: 4 horas<\/li>\n<li class=\"tw-data-text tw-text-large tw-ta\" dir=\"ltr\" role=\"text\" data-placeholder=\"Traducci\u00f3n\" data-ved=\"2ahUKEwj9w8_-7MCPAxX9rZUCHUrQCggQ3ewLegQICxAV\" aria-label=\"Texto traducido: Modelo: M90 PRO\nVersi\u00f3n inal\u00e1mbrica: 5.3\nDistancia efectiva: 10-15 m\nFrecuencia: 100 Hz-10 kHz\nCapacidad de la bater\u00eda del estuche: 40 mAh\nCapacidad de la bater\u00eda de los auriculares: 1200 mAh\nAutonom\u00eda de m\u00fasica: 4 horas\nTiempo de conversaci\u00f3n: 4 horas\nTiempo en espera: 150 horas\nTiempo de carga: 1-2 horas\nConsumo de corriente de apagado: 3 UA\">Tiempo de conversaci\u00f3n: 4 horas<\/li>\n<li class=\"tw-data-text tw-text-large tw-ta\" dir=\"ltr\" role=\"text\" data-placeholder=\"Traducci\u00f3n\" data-ved=\"2ahUKEwj9w8_-7MCPAxX9rZUCHUrQCggQ3ewLegQICxAV\" aria-label=\"Texto traducido: Modelo: M90 PRO\nVersi\u00f3n inal\u00e1mbrica: 5.3\nDistancia efectiva: 10-15 m\nFrecuencia: 100 Hz-10 kHz\nCapacidad de la bater\u00eda del estuche: 40 mAh\nCapacidad de la bater\u00eda de los auriculares: 1200 mAh\nAutonom\u00eda de m\u00fasica: 4 horas\nTiempo de conversaci\u00f3n: 4 horas\nTiempo en espera: 150 horas\nTiempo de carga: 1-2 horas\nConsumo de corriente de apagado: 3 UA\">Tiempo en espera: 150 horas<\/li>\n<li class=\"tw-data-text tw-text-large tw-ta\" dir=\"ltr\" role=\"text\" data-placeholder=\"Traducci\u00f3n\" data-ved=\"2ahUKEwj9w8_-7MCPAxX9rZUCHUrQCggQ3ewLegQICxAV\" aria-label=\"Texto traducido: Modelo: M90 PRO\nVersi\u00f3n inal\u00e1mbrica: 5.3\nDistancia efectiva: 10-15 m\nFrecuencia: 100 Hz-10 kHz\nCapacidad de la bater\u00eda del estuche: 40 mAh\nCapacidad de la bater\u00eda de los auriculares: 1200 mAh\nAutonom\u00eda de m\u00fasica: 4 horas\nTiempo de conversaci\u00f3n: 4 horas\nTiempo en espera: 150 horas\nTiempo de carga: 1-2 horas\nConsumo de corriente de apagado: 3 UA\">Tiempo de carga: 1-2 horas<\/li>\n<\/ul>\n","protected":false},"excerpt":{"rendered":"<p>Aud\u00edfonos M90 Pro Bluetooth Con Cancelaci\u00f3n de Ruido Modelo: M90 PRO Versi\u00f3n inal\u00e1mbrica: 5.3 Distancia efectiva: 10-15 m Frecuencia: 100 Hz-10 kHz Capacidad de la bater\u00eda del estuche: 40 mAh&#8230;<\/p>\n","protected":false},"featured_media":5574,"comment_status":"open","ping_status":"closed","template":"","meta":{"_joinchat":[]},"product_brand":[],"product_cat":[46],"product_tag":[],"class_list":{"0":"post-5573","1":"product","2":"type-product","3":"status-publish","4":"has-post-thumbnail","6":"product_cat-electronica-y-solar","8":"first","9":"instock","10":"shipping-taxable","11":"purchasable","12":"product-type-simple"},"_links":{"self":[{"href":"https:\/\/pualuan.cl\/outdoor\/wp-json\/wp\/v2\/product\/5573","targetHints":{"allow":["GET"]}}],"collection":[{"href":"https:\/\/pualuan.cl\/outdoor\/wp-json\/wp\/v2\/product"}],"about":[{"href":"https:\/\/pualuan.cl\/outdoor\/wp-json\/wp\/v2\/types\/product"}],"replies":[{"embeddable":true,"href":"https:\/\/pualuan.cl\/outdoor\/wp-json\/wp\/v2\/comments?post=5573"}],"wp:featuredmedia":[{"embeddable":true,"href":"https:\/\/pualuan.cl\/outdoor\/wp-json\/wp\/v2\/media\/5574"}],"wp:attachment":[{"href":"https:\/\/pualuan.cl\/outdoor\/wp-json\/wp\/v2\/media?parent=5573"}],"wp:term":[{"taxonomy":"product_brand","embeddable":true,"href":"https:\/\/pualuan.cl\/outdoor\/wp-json\/wp\/v2\/product_brand?post=5573"},{"taxonomy":"product_cat","embeddable":true,"href":"https:\/\/pualuan.cl\/outdoor\/wp-json\/wp\/v2\/product_cat?post=5573"},{"taxonomy":"product_tag","embeddable":true,"href":"https:\/\/pualuan.cl\/outdoor\/wp-json\/wp\/v2\/product_tag?post=5573"}],"curies":[{"name":"wp","href":"https:\/\/api.w.org\/{rel}","templated":true}]}}