{"id":5552,"date":"2025-09-05T04:32:09","date_gmt":"2025-09-05T04:32:09","guid":{"rendered":"https:\/\/pualuan.cl\/outdoor\/?post_type=product&#038;p=5552"},"modified":"2025-09-05T04:32:09","modified_gmt":"2025-09-05T04:32:09","slug":"navaja-trailfinder-en-camuflaje-victorinox","status":"publish","type":"product","link":"https:\/\/pualuan.cl\/outdoor\/producto\/navaja-trailfinder-en-camuflaje-victorinox\/","title":{"rendered":"Navaja Trailfinder en Camuflaje Victorinox"},"content":{"rendered":"<div class=\"flex flex-col gap-x-small-static\">\n<p class=\"font-primary h4-semi-bold h4 !tracking-h5 !leading-h5 text-m-large !tracking-h4 !leading-h4\"><strong>Navaja de bolsillo grande con 12 funciones<\/strong><\/p>\n<p class=\"mb-xx-large-static\">\n<p class=\"font-light font-primary text-m-large mb-large-static\">Nunca se sabe cu\u00e1ndo un tranquilo paseo matutino se transformar\u00e1 en algo mucho m\u00e1s aventurado. Pero eso no es un problema si tienes la navaja de bolsillo Trailmaster. Entre sus cachas resistentes, encontrar\u00e1s\u00a012 funciones y toda la ayuda que necesitas all\u00e1 afuera, sin importar lo que hagas o a donde vayas. Es una herramienta en la cual puedes confiar.<\/p>\n<p>&nbsp;<\/p>\n<p class=\"font-secondary h6-bold h6 uppercase\"><strong>Herramientas:<\/strong><\/p>\n<div class=\"flex gap-xx-small-static\">\n<p class=\"font-normal font-primary text-m-large\"><span class=\"font-light font-primary\">Hoja grande con filo dentado \/ Abrelatas | Destornillador 3 mm \/ Bottle opener, lockable | Screwdriver 7 mm | Wire stripper \/ Punz\u00f3n escariador \/ Sierra para madera \/ Destornillador Phillips 1\/2 \/ Anilla \/ Pinzas \/ Palillo de dientes \/ Destapador bloqueable \/ Abrelatas<\/span><\/p>\n<p><strong>Dimensiones:<\/strong><\/p>\n<\/div>\n<\/div>\n<div>\n<div class=\"flex gap-xx-small-static\">\n<ul>\n<li class=\"font-normal font-primary text-m-large\"><span class=\"font-semibold font-primary capitalize\">Altura: <\/span><span class=\"font-light font-primary\">0.7 in<\/span><\/li>\n<li class=\"font-normal font-primary text-m-large\">Longitud: <span class=\"font-light font-primary\">4.4 in<\/span><\/li>\n<li class=\"font-normal font-primary text-m-large\">Ancho:\u00a0<span class=\"font-light font-primary\">1.4 in<\/span><\/li>\n<li class=\"font-normal font-primary text-m-large\">Peso:\u00a0<span class=\"font-light font-primary\">4.6 oz<\/span><\/li>\n<\/ul>\n<\/div>\n<\/div>\n<div class=\"flex flex-col gap-x-small-static\">\n<p class=\"font-secondary h6-bold h6 uppercase\"><strong>Detalles:<\/strong><\/p>\n<div>\n<p class=\"flex gap-xx-small-static\">\n<ul>\n<li class=\"font-normal font-primary text-m-large\"><span class=\"font-semibold font-primary capitalize\">N\u00b0 de art\u00edculo: <\/span><span class=\"font-light font-primary\">0.8463.MW94<\/span><\/li>\n<li class=\"font-normal font-primary text-m-large\">Pais de origen:\u00a0<span class=\"font-light font-primary\">Suiza<\/span><\/li>\n<li class=\"font-normal font-primary text-m-large\">Material:\u00a0<span class=\"font-light font-primary\">Poliamida<\/span><\/li>\n<li class=\"font-normal font-primary text-m-large\">Hoja bloqueable:\u00a0<span class=\"font-light font-primary\">S\u00ed<\/span><\/li>\n<li class=\"font-normal font-primary text-m-large\">Hoja para una mano:\u00a0<span class=\"font-light font-primary\">S\u00ed<\/span><\/li>\n<li class=\"font-normal font-primary text-m-large\">N.\u00b0 de caracter\u00edsticas:\u00a0<span class=\"font-light font-primary\">12<\/span><\/li>\n<li class=\"font-normal font-primary text-m-large\">Color:\u00a0<span class=\"font-light font-primary\">Verde<\/span><\/li>\n<\/ul>\n<\/div>\n<\/div>\n","protected":false},"excerpt":{"rendered":"<p>Navaja de bolsillo grande con 12 funciones Nunca se sabe cu\u00e1ndo un tranquilo paseo matutino se transformar\u00e1 en algo mucho m\u00e1s aventurado. Pero eso no es un problema si tienes&#8230;<\/p>\n","protected":false},"featured_media":5553,"comment_status":"open","ping_status":"closed","template":"","meta":{"_joinchat":[]},"product_brand":[58],"product_cat":[43],"product_tag":[],"class_list":{"0":"post-5552","1":"product","2":"type-product","3":"status-publish","4":"has-post-thumbnail","6":"product_brand-victorinox","7":"product_cat-caza","9":"first","10":"instock","11":"shipping-taxable","12":"purchasable","13":"product-type-simple"},"_links":{"self":[{"href":"https:\/\/pualuan.cl\/outdoor\/wp-json\/wp\/v2\/product\/5552","targetHints":{"allow":["GET"]}}],"collection":[{"href":"https:\/\/pualuan.cl\/outdoor\/wp-json\/wp\/v2\/product"}],"about":[{"href":"https:\/\/pualuan.cl\/outdoor\/wp-json\/wp\/v2\/types\/product"}],"replies":[{"embeddable":true,"href":"https:\/\/pualuan.cl\/outdoor\/wp-json\/wp\/v2\/comments?post=5552"}],"wp:featuredmedia":[{"embeddable":true,"href":"https:\/\/pualuan.cl\/outdoor\/wp-json\/wp\/v2\/media\/5553"}],"wp:attachment":[{"href":"https:\/\/pualuan.cl\/outdoor\/wp-json\/wp\/v2\/media?parent=5552"}],"wp:term":[{"taxonomy":"product_brand","embeddable":true,"href":"https:\/\/pualuan.cl\/outdoor\/wp-json\/wp\/v2\/product_brand?post=5552"},{"taxonomy":"product_cat","embeddable":true,"href":"https:\/\/pualuan.cl\/outdoor\/wp-json\/wp\/v2\/product_cat?post=5552"},{"taxonomy":"product_tag","embeddable":true,"href":"https:\/\/pualuan.cl\/outdoor\/wp-json\/wp\/v2\/product_tag?post=5552"}],"curies":[{"name":"wp","href":"https:\/\/api.w.org\/{rel}","templated":true}]}}