{"id":5550,"date":"2025-09-05T04:25:45","date_gmt":"2025-09-05T04:25:45","guid":{"rendered":"https:\/\/pualuan.cl\/outdoor\/?post_type=product&#038;p=5550"},"modified":"2025-09-05T04:40:08","modified_gmt":"2025-09-05T04:40:08","slug":"navaja-hunter-rojo-victorinox","status":"publish","type":"product","link":"https:\/\/pualuan.cl\/outdoor\/producto\/navaja-hunter-rojo-victorinox\/","title":{"rendered":"Navaja Hunter Rojo Victorinox"},"content":{"rendered":"<div class=\"min-w-[290px] max-w-[410px] flex flex-col gap-y-large-static\">\n<section class=\"flex flex-col gap-x-large-static\">\n<p class=\"font-primary h4-semi-bold h4 !tracking-h5 !leading-h5 text-m-large !tracking-h4 !leading-h4\"><strong>Navaja de bolsillo grande con 12 funciones<\/strong><\/p>\n<p class=\"font-light font-primary text-m-large mb-large-static\">La navaja de bolsillo Hunter fue dise\u00f1ada especialmente para acompa\u00f1ar a cazadores y verdaderos entusiastas de las actividades al aire libre. Contiene todos los elementos necesarios para un d\u00eda en la naturaleza. Gracias a la forma curva y a la hoja redondeada de la excepcional hoja para cazadores, se puede eviscerar a la presa en el campo de manera m\u00e1s r\u00e1pida y f\u00e1cil. Establece un nuevo est\u00e1ndar en navajas para cazadores.<\/p>\n<p><strong>Herramientas:<\/strong><\/p>\n<\/section>\n<\/div>\n<div class=\"flex max-w-[410px] flex-col gap-xxx-large-static\">\n<div>\n<div class=\"flex gap-xx-small-static\">\n<p class=\"font-normal font-primary text-m-large\"><span class=\"font-light font-primary\">Hoja grande \/ Hoja para cazadores, peque\u00f1a \/ Sacacorchos \/ Bottle opener | Can opener | Screwdriver 5 mm | Wire stripper \/ Punz\u00f3n escariador \/ Sierra para madera \/ Anilla \/ Pinzas \/ Palillo de dientes \/ Destapador<\/span><\/p>\n<p><strong>Dimensiones:<\/strong><\/p>\n<\/div>\n<\/div>\n<div>\n<div class=\"flex gap-xx-small-static\">\n<ul>\n<li class=\"font-normal font-primary text-m-large\"><span class=\"font-semibold font-primary capitalize\">Altura: <\/span><span class=\"font-light font-primary\">0.7 in<\/span><\/li>\n<li class=\"font-normal font-primary text-m-large\">Longitud: <span class=\"font-light font-primary\">4.4 in<\/span><\/li>\n<li class=\"font-normal font-primary text-m-large\">Ancho:\u00a0<span class=\"font-light font-primary\">1.2 in<\/span><\/li>\n<li class=\"font-normal font-primary text-m-large\">Peso:\u00a0<span class=\"font-light font-primary\">4.4 oz\u00a0 \u00a0\u00a0<\/span><\/li>\n<\/ul>\n<div>\n<div class=\"flex gap-xx-small-static\">\n<p class=\"font-normal font-primary text-m-large\"><span class=\"font-semibold font-primary capitalize\">Detalles<\/span><\/p>\n<ul>\n<li class=\"font-normal font-primary text-m-large\"><span class=\"font-semibold font-primary capitalize\">N\u00b0 de art\u00edculo: <\/span><span class=\"font-light font-primary\">0.8573<\/span><\/li>\n<li class=\"font-normal font-primary text-m-large\">Pais de origen:\u00a0<span class=\"font-light font-primary\">Suiza<\/span><\/li>\n<li class=\"font-normal font-primary text-m-large\">Material:\u00a0<span class=\"font-light font-primary\">Poliamida<\/span><\/li>\n<li class=\"font-normal font-primary text-m-large\">Hoja bloqueable:\u00a0<span class=\"font-light font-primary\">S\u00ed<\/span><\/li>\n<li class=\"font-normal font-primary text-m-large\">Hoja para una mano:\u00a0<span class=\"font-light font-primary\">No<\/span><\/li>\n<li class=\"font-normal font-primary text-m-large\">N.\u00b0 de caracter\u00edsticas:\u00a0<span class=\"font-light font-primary\">12<\/span><\/li>\n<li class=\"font-normal font-primary text-m-large\">Color:\u00a0<span class=\"font-light font-primary\">Rojo<\/span><\/li>\n<\/ul>\n<\/div>\n<\/div>\n<\/div>\n<\/div>\n<\/div>\n","protected":false},"excerpt":{"rendered":"<p>Navaja de bolsillo grande con 12 funciones La navaja de bolsillo Hunter fue dise\u00f1ada especialmente para acompa\u00f1ar a cazadores y verdaderos entusiastas de las actividades al aire libre. Contiene todos&#8230;<\/p>\n","protected":false},"featured_media":5551,"comment_status":"open","ping_status":"closed","template":"","meta":{"_joinchat":[]},"product_brand":[58],"product_cat":[43],"product_tag":[],"class_list":{"0":"post-5550","1":"product","2":"type-product","3":"status-publish","4":"has-post-thumbnail","6":"product_brand-victorinox","7":"product_cat-caza","9":"first","10":"instock","11":"shipping-taxable","12":"purchasable","13":"product-type-simple"},"_links":{"self":[{"href":"https:\/\/pualuan.cl\/outdoor\/wp-json\/wp\/v2\/product\/5550","targetHints":{"allow":["GET"]}}],"collection":[{"href":"https:\/\/pualuan.cl\/outdoor\/wp-json\/wp\/v2\/product"}],"about":[{"href":"https:\/\/pualuan.cl\/outdoor\/wp-json\/wp\/v2\/types\/product"}],"replies":[{"embeddable":true,"href":"https:\/\/pualuan.cl\/outdoor\/wp-json\/wp\/v2\/comments?post=5550"}],"wp:featuredmedia":[{"embeddable":true,"href":"https:\/\/pualuan.cl\/outdoor\/wp-json\/wp\/v2\/media\/5551"}],"wp:attachment":[{"href":"https:\/\/pualuan.cl\/outdoor\/wp-json\/wp\/v2\/media?parent=5550"}],"wp:term":[{"taxonomy":"product_brand","embeddable":true,"href":"https:\/\/pualuan.cl\/outdoor\/wp-json\/wp\/v2\/product_brand?post=5550"},{"taxonomy":"product_cat","embeddable":true,"href":"https:\/\/pualuan.cl\/outdoor\/wp-json\/wp\/v2\/product_cat?post=5550"},{"taxonomy":"product_tag","embeddable":true,"href":"https:\/\/pualuan.cl\/outdoor\/wp-json\/wp\/v2\/product_tag?post=5550"}],"curies":[{"name":"wp","href":"https:\/\/api.w.org\/{rel}","templated":true}]}}