{"id":5521,"date":"2025-09-04T02:26:00","date_gmt":"2025-09-04T02:26:00","guid":{"rendered":"https:\/\/pualuan.cl\/outdoor\/?post_type=product&#038;p=5521"},"modified":"2025-09-04T02:26:00","modified_gmt":"2025-09-04T02:26:00","slug":"poleron-alkun-2","status":"publish","type":"product","link":"https:\/\/pualuan.cl\/outdoor\/producto\/poleron-alkun-2\/","title":{"rendered":"Poleron Alk\u00fcn\u00a0"},"content":{"rendered":"<p>Poler\u00f3n Alk\u00fcn, unisex, c\u00f3modo y aut\u00e9ntico, inspirado en la Patagonia.<\/p>\n","protected":false},"excerpt":{"rendered":"<p>Poler\u00f3n Alk\u00fcn, unisex, c\u00f3modo y aut\u00e9ntico, inspirado en la Patagonia.<\/p>\n","protected":false},"featured_media":5522,"comment_status":"open","ping_status":"closed","template":"","meta":{"_joinchat":[]},"product_brand":[],"product_cat":[45],"product_tag":[],"class_list":{"0":"post-5521","1":"product","2":"type-product","3":"status-publish","4":"has-post-thumbnail","6":"product_cat-ropa","8":"first","9":"instock","10":"shipping-taxable","11":"purchasable","12":"product-type-simple"},"_links":{"self":[{"href":"https:\/\/pualuan.cl\/outdoor\/wp-json\/wp\/v2\/product\/5521","targetHints":{"allow":["GET"]}}],"collection":[{"href":"https:\/\/pualuan.cl\/outdoor\/wp-json\/wp\/v2\/product"}],"about":[{"href":"https:\/\/pualuan.cl\/outdoor\/wp-json\/wp\/v2\/types\/product"}],"replies":[{"embeddable":true,"href":"https:\/\/pualuan.cl\/outdoor\/wp-json\/wp\/v2\/comments?post=5521"}],"wp:featuredmedia":[{"embeddable":true,"href":"https:\/\/pualuan.cl\/outdoor\/wp-json\/wp\/v2\/media\/5522"}],"wp:attachment":[{"href":"https:\/\/pualuan.cl\/outdoor\/wp-json\/wp\/v2\/media?parent=5521"}],"wp:term":[{"taxonomy":"product_brand","embeddable":true,"href":"https:\/\/pualuan.cl\/outdoor\/wp-json\/wp\/v2\/product_brand?post=5521"},{"taxonomy":"product_cat","embeddable":true,"href":"https:\/\/pualuan.cl\/outdoor\/wp-json\/wp\/v2\/product_cat?post=5521"},{"taxonomy":"product_tag","embeddable":true,"href":"https:\/\/pualuan.cl\/outdoor\/wp-json\/wp\/v2\/product_tag?post=5521"}],"curies":[{"name":"wp","href":"https:\/\/api.w.org\/{rel}","templated":true}]}}