{"id":5432,"date":"2025-08-31T20:15:27","date_gmt":"2025-08-31T20:15:27","guid":{"rendered":"https:\/\/pualuan.cl\/outdoor\/?post_type=product&#038;p=5432"},"modified":"2025-08-31T23:02:01","modified_gmt":"2025-08-31T23:02:01","slug":"poston-hatsan-55","status":"publish","type":"product","link":"https:\/\/pualuan.cl\/outdoor\/producto\/poston-hatsan-55\/","title":{"rendered":"Poston Hatsan 5,5"},"content":{"rendered":"<p><strong>Poston Hatsan 5,5 Match 1,0grs 6,85cms Lata Con 200 Postones<\/strong><\/p>\n<p><strong>Caracter\u00edsticas principales <\/strong><\/p>\n<p>Marca: Hatsan<\/p>\n<p>Modelo: Match 5,5 200u<\/p>\n<p>Calibre: 5,5 mm<\/p>\n<p>Unidades por envase: 200<\/p>\n<p><strong>Otros <\/strong><\/p>\n<p>Peso del bal\u00edn: 1 g<\/p>\n<p>Energ\u00eda cin\u00e9tica m\u00ednima: 15,1 J<\/p>\n<p>Tipo de envase: Lata<\/p>\n<p>Tipo de bal\u00edn: Di\u00e1bolo<\/p>\n<p>Tipos de puntas: PUNTA PLANA<\/p>\n<p>Material: Plomo<\/p>\n","protected":false},"excerpt":{"rendered":"<p>Poston Hatsan 5,5 Match 1,0grs 6,85cms Lata Con 200 Postones Caracter\u00edsticas principales Marca: Hatsan Modelo: Match 5,5 200u Calibre: 5,5 mm Unidades por envase: 200 Otros Peso del bal\u00edn: 1&#8230;<\/p>\n","protected":false},"featured_media":5434,"comment_status":"open","ping_status":"closed","template":"","meta":{"_joinchat":[]},"product_brand":[],"product_cat":[43],"product_tag":[],"class_list":{"0":"post-5432","1":"product","2":"type-product","3":"status-publish","4":"has-post-thumbnail","6":"product_cat-caza","8":"first","9":"instock","10":"shipping-taxable","11":"purchasable","12":"product-type-simple"},"_links":{"self":[{"href":"https:\/\/pualuan.cl\/outdoor\/wp-json\/wp\/v2\/product\/5432","targetHints":{"allow":["GET"]}}],"collection":[{"href":"https:\/\/pualuan.cl\/outdoor\/wp-json\/wp\/v2\/product"}],"about":[{"href":"https:\/\/pualuan.cl\/outdoor\/wp-json\/wp\/v2\/types\/product"}],"replies":[{"embeddable":true,"href":"https:\/\/pualuan.cl\/outdoor\/wp-json\/wp\/v2\/comments?post=5432"}],"wp:featuredmedia":[{"embeddable":true,"href":"https:\/\/pualuan.cl\/outdoor\/wp-json\/wp\/v2\/media\/5434"}],"wp:attachment":[{"href":"https:\/\/pualuan.cl\/outdoor\/wp-json\/wp\/v2\/media?parent=5432"}],"wp:term":[{"taxonomy":"product_brand","embeddable":true,"href":"https:\/\/pualuan.cl\/outdoor\/wp-json\/wp\/v2\/product_brand?post=5432"},{"taxonomy":"product_cat","embeddable":true,"href":"https:\/\/pualuan.cl\/outdoor\/wp-json\/wp\/v2\/product_cat?post=5432"},{"taxonomy":"product_tag","embeddable":true,"href":"https:\/\/pualuan.cl\/outdoor\/wp-json\/wp\/v2\/product_tag?post=5432"}],"curies":[{"name":"wp","href":"https:\/\/api.w.org\/{rel}","templated":true}]}}