{"id":5423,"date":"2025-08-31T19:48:22","date_gmt":"2025-08-31T19:48:22","guid":{"rendered":"https:\/\/pualuan.cl\/outdoor\/?post_type=product&#038;p=5423"},"modified":"2025-08-31T23:02:01","modified_gmt":"2025-08-31T23:02:01","slug":"poston-hatsan-55-crazy-solid","status":"publish","type":"product","link":"https:\/\/pualuan.cl\/outdoor\/producto\/poston-hatsan-55-crazy-solid\/","title":{"rendered":"Poston Hatsan 5,5"},"content":{"rendered":"<p><strong>Poston Hatsan 5,5 Crazy Solid 1,44grs 6,8cms Lata Con 175u<\/strong><\/p>\n<p>Peso del bal\u00edn: 1,42 g<\/p>\n<p>Energ\u00eda cin\u00e9tica m\u00ednima: 22 J<\/p>\n<p>Tipo de envase: Lata<\/p>\n<p>Tipo de bal\u00edn: Di\u00e1bolo<\/p>\n<p>Tipos de puntas: TipoBala<\/p>\n<p>Material: Plomo<\/p>\n","protected":false},"excerpt":{"rendered":"<p>Poston Hatsan 5,5 Crazy Solid 1,44grs 6,8cms Lata Con 175u Peso del bal\u00edn: 1,42 g Energ\u00eda cin\u00e9tica m\u00ednima: 22 J Tipo de envase: Lata Tipo de bal\u00edn: Di\u00e1bolo Tipos de&#8230;<\/p>\n","protected":false},"featured_media":5425,"comment_status":"open","ping_status":"closed","template":"","meta":{"_joinchat":[]},"product_brand":[],"product_cat":[43],"product_tag":[],"class_list":{"0":"post-5423","1":"product","2":"type-product","3":"status-publish","4":"has-post-thumbnail","6":"product_cat-caza","8":"first","9":"instock","10":"shipping-taxable","11":"purchasable","12":"product-type-simple"},"_links":{"self":[{"href":"https:\/\/pualuan.cl\/outdoor\/wp-json\/wp\/v2\/product\/5423","targetHints":{"allow":["GET"]}}],"collection":[{"href":"https:\/\/pualuan.cl\/outdoor\/wp-json\/wp\/v2\/product"}],"about":[{"href":"https:\/\/pualuan.cl\/outdoor\/wp-json\/wp\/v2\/types\/product"}],"replies":[{"embeddable":true,"href":"https:\/\/pualuan.cl\/outdoor\/wp-json\/wp\/v2\/comments?post=5423"}],"wp:featuredmedia":[{"embeddable":true,"href":"https:\/\/pualuan.cl\/outdoor\/wp-json\/wp\/v2\/media\/5425"}],"wp:attachment":[{"href":"https:\/\/pualuan.cl\/outdoor\/wp-json\/wp\/v2\/media?parent=5423"}],"wp:term":[{"taxonomy":"product_brand","embeddable":true,"href":"https:\/\/pualuan.cl\/outdoor\/wp-json\/wp\/v2\/product_brand?post=5423"},{"taxonomy":"product_cat","embeddable":true,"href":"https:\/\/pualuan.cl\/outdoor\/wp-json\/wp\/v2\/product_cat?post=5423"},{"taxonomy":"product_tag","embeddable":true,"href":"https:\/\/pualuan.cl\/outdoor\/wp-json\/wp\/v2\/product_tag?post=5423"}],"curies":[{"name":"wp","href":"https:\/\/api.w.org\/{rel}","templated":true}]}}