{"id":5227,"date":"2025-08-29T18:28:26","date_gmt":"2025-08-29T18:28:26","guid":{"rendered":"https:\/\/pualuan.cl\/outdoor\/?post_type=product&#038;p=5227"},"modified":"2026-01-05T18:34:58","modified_gmt":"2026-01-05T18:34:58","slug":"linterna-recargable-3","status":"publish","type":"product","link":"https:\/\/pualuan.cl\/outdoor\/producto\/linterna-recargable-3\/","title":{"rendered":"Linterna Recargable"},"content":{"rendered":"<pre id=\"tw-target-text\" class=\"tw-data-text tw-text-large tw-ta\" dir=\"ltr\" data-placeholder=\"Traducci\u00f3n\" data-ved=\"2ahUKEwjHlu_K1rCPAxVDr5UCHUinA4MQ3ewLegQIChAV\" aria-label=\"Texto traducido: Carcasa de aleaci\u00f3n de magnesio de alta resistencia, mecanizado de precisi\u00f3n, resistente y duradera, no se deforma f\u00e1cilmente. Gracias a su superficie anodizada, es impermeable y resistente a la corrosi\u00f3n.\r\n\r\nL\u00e1mpara LED de alto rendimiento con una vida \u00fatil de hasta 10 millones de horas (no requiere cambio de bombillas).\r\nControl de CC\/CC, potencia de salida.\r\nCada conector est\u00e1 equipado con un anillo de almohadilla de alta calidad, resistente al agua y a los golpes.\r\nLentes y carcasa de luz fabricadas con material de PC importado, con alta transparencia y reflexi\u00f3n, resistentes al agrietamiento y con buena resistencia al calor.\r\nDise\u00f1o de circuito el\u00e9ctrico de baja impedancia, mayor duraci\u00f3n de la bater\u00eda y m\u00e1ximo ahorro de energ\u00eda.\r\nDistancia de irradiaci\u00f3n de hasta 600 metros. Cuerpo esculpido, c\u00f3modo, duradero y con agarre flexible.\r\nManos no resbaladizas.\"><span class=\"Y2IQFc\" lang=\"es\">Carcasa de aleaci\u00f3n de magnesio de alta resistencia, mecanizado de precisi\u00f3n, resistente y duradera.\r\nGracias a su superficie anodizada, es impermeable y resistente a la corrosi\u00f3n.\r\n\r\nL\u00e1mpara LED de alto rendimiento con una vida \u00fatil de hasta 10 millones de horas (no requiere cambio de bombillas).\r\nControl de CC\/CC, potencia de salida.\r\nCada conector est\u00e1 equipado con un anillo de almohadilla de alta calidad, resistente al agua y a los golpes.\r\nLentes y carcasa de luz fabricadas con material de PC importado, con alta transparencia y reflexi\u00f3n, \r\nresistentes al agrietamiento y con buena resistencia al calor.\r\nDise\u00f1o de circuito el\u00e9ctrico de baja impedancia, mayor duraci\u00f3n de la bater\u00eda y m\u00e1ximo ahorro de energ\u00eda.\r\nDistancia de irradiaci\u00f3n de hasta 600 metros. Cuerpo esculpido, c\u00f3modo, duradero y con agarre flexible.\r\nManos no resbaladizas.<\/span><\/pre>\n","protected":false},"excerpt":{"rendered":"<p>Carcasa de aleaci\u00f3n de magnesio de alta resistencia, mecanizado de precisi\u00f3n, resistente y duradera. Gracias a su superficie anodizada, es impermeable y resistente a la corrosi\u00f3n. L\u00e1mpara LED de alto&#8230;<\/p>\n","protected":false},"featured_media":5229,"comment_status":"open","ping_status":"closed","template":"","meta":{"_joinchat":[]},"product_brand":[],"product_cat":[46],"product_tag":[],"class_list":{"0":"post-5227","1":"product","2":"type-product","3":"status-publish","4":"has-post-thumbnail","6":"product_cat-electronica-y-solar","8":"first","9":"instock","10":"shipping-taxable","11":"purchasable","12":"product-type-simple"},"_links":{"self":[{"href":"https:\/\/pualuan.cl\/outdoor\/wp-json\/wp\/v2\/product\/5227","targetHints":{"allow":["GET"]}}],"collection":[{"href":"https:\/\/pualuan.cl\/outdoor\/wp-json\/wp\/v2\/product"}],"about":[{"href":"https:\/\/pualuan.cl\/outdoor\/wp-json\/wp\/v2\/types\/product"}],"replies":[{"embeddable":true,"href":"https:\/\/pualuan.cl\/outdoor\/wp-json\/wp\/v2\/comments?post=5227"}],"wp:featuredmedia":[{"embeddable":true,"href":"https:\/\/pualuan.cl\/outdoor\/wp-json\/wp\/v2\/media\/5229"}],"wp:attachment":[{"href":"https:\/\/pualuan.cl\/outdoor\/wp-json\/wp\/v2\/media?parent=5227"}],"wp:term":[{"taxonomy":"product_brand","embeddable":true,"href":"https:\/\/pualuan.cl\/outdoor\/wp-json\/wp\/v2\/product_brand?post=5227"},{"taxonomy":"product_cat","embeddable":true,"href":"https:\/\/pualuan.cl\/outdoor\/wp-json\/wp\/v2\/product_cat?post=5227"},{"taxonomy":"product_tag","embeddable":true,"href":"https:\/\/pualuan.cl\/outdoor\/wp-json\/wp\/v2\/product_tag?post=5227"}],"curies":[{"name":"wp","href":"https:\/\/api.w.org\/{rel}","templated":true}]}}