{"id":5108,"date":"2025-08-23T05:23:41","date_gmt":"2025-08-23T05:23:41","guid":{"rendered":"https:\/\/pualuan.cl\/outdoor\/?post_type=product&#038;p=5108"},"modified":"2026-04-08T21:05:41","modified_gmt":"2026-04-08T21:05:41","slug":"rifle","status":"publish","type":"product","link":"https:\/\/pualuan.cl\/outdoor\/producto\/rifle\/","title":{"rendered":"Rifle"},"content":{"rendered":"<p>Rifle de alta precisi\u00f3n, dise\u00f1ado para ofrecer potencia, estabilidad y un rendimiento confiable en cada disparo. Ideal para pr\u00e1ctica de tiro deportivo, caza responsable y actividades outdoor.<\/p>\n","protected":false},"excerpt":{"rendered":"<p>Rifle de alta precisi\u00f3n, dise\u00f1ado para ofrecer potencia, estabilidad y un rendimiento confiable en cada disparo. Ideal para pr\u00e1ctica de tiro deportivo, caza responsable y actividades outdoor.<\/p>\n","protected":false},"featured_media":5109,"comment_status":"open","ping_status":"closed","template":"","meta":{"_joinchat":[]},"product_brand":[],"product_cat":[43],"product_tag":[],"class_list":{"0":"post-5108","1":"product","2":"type-product","3":"status-publish","4":"has-post-thumbnail","6":"product_cat-caza","8":"first","9":"outofstock","10":"shipping-taxable","11":"purchasable","12":"product-type-simple"},"_links":{"self":[{"href":"https:\/\/pualuan.cl\/outdoor\/wp-json\/wp\/v2\/product\/5108","targetHints":{"allow":["GET"]}}],"collection":[{"href":"https:\/\/pualuan.cl\/outdoor\/wp-json\/wp\/v2\/product"}],"about":[{"href":"https:\/\/pualuan.cl\/outdoor\/wp-json\/wp\/v2\/types\/product"}],"replies":[{"embeddable":true,"href":"https:\/\/pualuan.cl\/outdoor\/wp-json\/wp\/v2\/comments?post=5108"}],"wp:featuredmedia":[{"embeddable":true,"href":"https:\/\/pualuan.cl\/outdoor\/wp-json\/wp\/v2\/media\/5109"}],"wp:attachment":[{"href":"https:\/\/pualuan.cl\/outdoor\/wp-json\/wp\/v2\/media?parent=5108"}],"wp:term":[{"taxonomy":"product_brand","embeddable":true,"href":"https:\/\/pualuan.cl\/outdoor\/wp-json\/wp\/v2\/product_brand?post=5108"},{"taxonomy":"product_cat","embeddable":true,"href":"https:\/\/pualuan.cl\/outdoor\/wp-json\/wp\/v2\/product_cat?post=5108"},{"taxonomy":"product_tag","embeddable":true,"href":"https:\/\/pualuan.cl\/outdoor\/wp-json\/wp\/v2\/product_tag?post=5108"}],"curies":[{"name":"wp","href":"https:\/\/api.w.org\/{rel}","templated":true}]}}