{"id":5088,"date":"2025-08-23T05:04:52","date_gmt":"2025-08-23T05:04:52","guid":{"rendered":"https:\/\/pualuan.cl\/outdoor\/?post_type=product&#038;p=5088"},"modified":"2025-08-31T23:03:48","modified_gmt":"2025-08-31T23:03:48","slug":"postones-55-extrm-200xht55","status":"publish","type":"product","link":"https:\/\/pualuan.cl\/outdoor\/producto\/postones-55-extrm-200xht55\/","title":{"rendered":"Postones 5,5 EXTRM 200XHT55"},"content":{"rendered":"<p>Post\u00f3n COAL 5,5 EXTRM 200XHT65<br \/>\nPost\u00f3n para rifle a post\u00f3n<br \/>\nMarca Coal<br \/>\nModelo Extremehl 200XHT55<br \/>\nTipo con punta<br \/>\nCalibre 5.5 mm (.22)<br \/>\nPeso 1.35 grms (+\/-0,01) \/ 20.84 grains<br \/>\nLargo 9,3 mm (+\/-0,1)<br \/>\nPoston realy strong<br \/>\nPotencia 40 J<br \/>\nMaterial plomo<br \/>\nColor plomo<br \/>\nEspecial para rifles PCP<br \/>\nCampo de aplicaci\u00f3n optimo hasta: 50 metros<br \/>\nPost\u00f3n para caza<br \/>\nEnvase lata con 200 Postones aprox.<br \/>\nPeso de la lata 290 grs<\/p>\n","protected":false},"excerpt":{"rendered":"<p>Post\u00f3n COAL 5,5 EXTRM 200XHT65 Post\u00f3n para rifle a post\u00f3n Marca Coal Modelo Extremehl 200XHT55 Tipo con punta Calibre 5.5 mm (.22) Peso 1.35 grms (+\/-0,01) \/ 20.84 grains Largo&#8230;<\/p>\n","protected":false},"featured_media":5091,"comment_status":"open","ping_status":"closed","template":"","meta":{"_joinchat":[]},"product_brand":[],"product_cat":[43],"product_tag":[],"class_list":{"0":"post-5088","1":"product","2":"type-product","3":"status-publish","4":"has-post-thumbnail","6":"product_cat-caza","8":"first","9":"instock","10":"shipping-taxable","11":"purchasable","12":"product-type-simple"},"_links":{"self":[{"href":"https:\/\/pualuan.cl\/outdoor\/wp-json\/wp\/v2\/product\/5088","targetHints":{"allow":["GET"]}}],"collection":[{"href":"https:\/\/pualuan.cl\/outdoor\/wp-json\/wp\/v2\/product"}],"about":[{"href":"https:\/\/pualuan.cl\/outdoor\/wp-json\/wp\/v2\/types\/product"}],"replies":[{"embeddable":true,"href":"https:\/\/pualuan.cl\/outdoor\/wp-json\/wp\/v2\/comments?post=5088"}],"wp:featuredmedia":[{"embeddable":true,"href":"https:\/\/pualuan.cl\/outdoor\/wp-json\/wp\/v2\/media\/5091"}],"wp:attachment":[{"href":"https:\/\/pualuan.cl\/outdoor\/wp-json\/wp\/v2\/media?parent=5088"}],"wp:term":[{"taxonomy":"product_brand","embeddable":true,"href":"https:\/\/pualuan.cl\/outdoor\/wp-json\/wp\/v2\/product_brand?post=5088"},{"taxonomy":"product_cat","embeddable":true,"href":"https:\/\/pualuan.cl\/outdoor\/wp-json\/wp\/v2\/product_cat?post=5088"},{"taxonomy":"product_tag","embeddable":true,"href":"https:\/\/pualuan.cl\/outdoor\/wp-json\/wp\/v2\/product_tag?post=5088"}],"curies":[{"name":"wp","href":"https:\/\/api.w.org\/{rel}","templated":true}]}}