{"id":5044,"date":"2025-08-22T02:44:12","date_gmt":"2025-08-22T02:44:12","guid":{"rendered":"https:\/\/pualuan.cl\/outdoor\/?post_type=product&#038;p=5044"},"modified":"2025-08-31T23:03:48","modified_gmt":"2025-08-31T23:03:48","slug":"cana-sienna-pacifico-spinning-1-8-m","status":"publish","type":"product","link":"https:\/\/pualuan.cl\/outdoor\/producto\/cana-sienna-pacifico-spinning-1-8-m\/","title":{"rendered":"Ca\u00f1a Sienna Pac\u00edfico Spinning 1.8 m"},"content":{"rendered":"<p>Ca\u00f1a Sienna Pac\u00edfico Spinning 1.80m H 2T<\/p>\n<p>Una ca\u00f1a dise\u00f1ada para la pesca en agua dulce y en balance con el carrete Sienna.<br \/>\nLa nueva Sienna Pac\u00edfico es una ca\u00f1a dirigida a aquellos Pescadores que buscan su trofeo regularmente y necesitan enfrentar situaciones donde el equipo es exigido al l\u00edmite.<\/p>\n<p><strong>ESPECIFICACIONES<\/strong><\/p>\n<ul>\n<li>Tipo de ca\u00f1a: spinning<\/li>\n<li>Tipo de reel: frontal<\/li>\n<li>Portareel: a rosca<\/li>\n<li>C\u00f3digo del proveedor: SNS180HB<\/li>\n<li>2 Tramos<\/li>\n<li>Medida total: 1,80 metros<\/li>\n<li>Peso de lance\/se\u00f1uelo: 20-70 g<\/li>\n<li>Acci\u00f3n Fast<\/li>\n<li>Potencia Heavy<\/li>\n<li>Material de la ca\u00f1a: grafito<\/li>\n<li>Material del mango: corcho<\/li>\n<li>Material de pasahilos: acero inoxidable<\/li>\n<li>Funda de tela<\/li>\n<\/ul>\n","protected":false},"excerpt":{"rendered":"<p>Ca\u00f1a Sienna Pac\u00edfico Spinning 1.80m H 2T Una ca\u00f1a dise\u00f1ada para la pesca en agua dulce y en balance con el carrete Sienna. La nueva Sienna Pac\u00edfico es una ca\u00f1a&#8230;<\/p>\n","protected":false},"featured_media":5045,"comment_status":"open","ping_status":"closed","template":"","meta":{"_joinchat":[]},"product_brand":[],"product_cat":[44],"product_tag":[],"class_list":{"0":"post-5044","1":"product","2":"type-product","3":"status-publish","4":"has-post-thumbnail","6":"product_cat-pesca","8":"first","9":"instock","10":"shipping-taxable","11":"purchasable","12":"product-type-simple"},"_links":{"self":[{"href":"https:\/\/pualuan.cl\/outdoor\/wp-json\/wp\/v2\/product\/5044","targetHints":{"allow":["GET"]}}],"collection":[{"href":"https:\/\/pualuan.cl\/outdoor\/wp-json\/wp\/v2\/product"}],"about":[{"href":"https:\/\/pualuan.cl\/outdoor\/wp-json\/wp\/v2\/types\/product"}],"replies":[{"embeddable":true,"href":"https:\/\/pualuan.cl\/outdoor\/wp-json\/wp\/v2\/comments?post=5044"}],"wp:featuredmedia":[{"embeddable":true,"href":"https:\/\/pualuan.cl\/outdoor\/wp-json\/wp\/v2\/media\/5045"}],"wp:attachment":[{"href":"https:\/\/pualuan.cl\/outdoor\/wp-json\/wp\/v2\/media?parent=5044"}],"wp:term":[{"taxonomy":"product_brand","embeddable":true,"href":"https:\/\/pualuan.cl\/outdoor\/wp-json\/wp\/v2\/product_brand?post=5044"},{"taxonomy":"product_cat","embeddable":true,"href":"https:\/\/pualuan.cl\/outdoor\/wp-json\/wp\/v2\/product_cat?post=5044"},{"taxonomy":"product_tag","embeddable":true,"href":"https:\/\/pualuan.cl\/outdoor\/wp-json\/wp\/v2\/product_tag?post=5044"}],"curies":[{"name":"wp","href":"https:\/\/api.w.org\/{rel}","templated":true}]}}