{"id":5039,"date":"2025-08-22T02:18:28","date_gmt":"2025-08-22T02:18:28","guid":{"rendered":"https:\/\/pualuan.cl\/outdoor\/?post_type=product&#038;p=5039"},"modified":"2026-04-08T21:29:50","modified_gmt":"2026-04-08T21:29:50","slug":"cana-okuma-safina-chinook","status":"publish","type":"product","link":"https:\/\/pualuan.cl\/outdoor\/producto\/cana-okuma-safina-chinook\/","title":{"rendered":"Ca\u00f1a Okuma Safina Chinook 1.8 m"},"content":{"rendered":"<p>Modelo: SFC-S 702<\/p>\n<p>Medida: 2.10<\/p>\n<p>Tramos: 2<\/p>\n<p>Peso: 200 g<\/p>\n<p>Lanza: 30-70g<\/p>\n<ul>\n<li>Construida en grafito 24T para m\u00e1xima resistencia y sensibilidad<\/li>\n<li>Anillas reforzadas dise\u00f1adas para l\u00edneas gruesas y combates exigentes<\/li>\n<li>Mango de corcho natural para mejor agarre en climas fr\u00edos o h\u00famedos<\/li>\n<li>Dise\u00f1o de dos tramos para f\u00e1cil transporte y almacenamiento<\/li>\n<\/ul>\n","protected":false},"excerpt":{"rendered":"<p>Modelo: SFC-S 702 Medida: 2.10 Tramos: 2 Peso: 200 g Lanza: 30-70g Construida en grafito 24T para m\u00e1xima resistencia y sensibilidad Anillas reforzadas dise\u00f1adas para l\u00edneas gruesas y combates exigentes&#8230;<\/p>\n","protected":false},"featured_media":5040,"comment_status":"open","ping_status":"closed","template":"","meta":{"_joinchat":[]},"product_brand":[66],"product_cat":[44],"product_tag":[],"class_list":{"0":"post-5039","1":"product","2":"type-product","3":"status-publish","4":"has-post-thumbnail","6":"product_brand-okuma","7":"product_cat-pesca","9":"first","10":"instock","11":"shipping-taxable","12":"purchasable","13":"product-type-simple"},"_links":{"self":[{"href":"https:\/\/pualuan.cl\/outdoor\/wp-json\/wp\/v2\/product\/5039","targetHints":{"allow":["GET"]}}],"collection":[{"href":"https:\/\/pualuan.cl\/outdoor\/wp-json\/wp\/v2\/product"}],"about":[{"href":"https:\/\/pualuan.cl\/outdoor\/wp-json\/wp\/v2\/types\/product"}],"replies":[{"embeddable":true,"href":"https:\/\/pualuan.cl\/outdoor\/wp-json\/wp\/v2\/comments?post=5039"}],"wp:featuredmedia":[{"embeddable":true,"href":"https:\/\/pualuan.cl\/outdoor\/wp-json\/wp\/v2\/media\/5040"}],"wp:attachment":[{"href":"https:\/\/pualuan.cl\/outdoor\/wp-json\/wp\/v2\/media?parent=5039"}],"wp:term":[{"taxonomy":"product_brand","embeddable":true,"href":"https:\/\/pualuan.cl\/outdoor\/wp-json\/wp\/v2\/product_brand?post=5039"},{"taxonomy":"product_cat","embeddable":true,"href":"https:\/\/pualuan.cl\/outdoor\/wp-json\/wp\/v2\/product_cat?post=5039"},{"taxonomy":"product_tag","embeddable":true,"href":"https:\/\/pualuan.cl\/outdoor\/wp-json\/wp\/v2\/product_tag?post=5039"}],"curies":[{"name":"wp","href":"https:\/\/api.w.org\/{rel}","templated":true}]}}