{"id":5034,"date":"2025-08-22T01:00:51","date_gmt":"2025-08-22T01:00:51","guid":{"rendered":"https:\/\/pualuan.cl\/outdoor\/?post_type=product&#038;p=5034"},"modified":"2025-08-31T23:03:49","modified_gmt":"2025-08-31T23:03:49","slug":"cana-13f-fate-black-2-13-m-2","status":"publish","type":"product","link":"https:\/\/pualuan.cl\/outdoor\/producto\/cana-13f-fate-black-2-13-m-2\/","title":{"rendered":"Ca\u00f1a 13F Fate Black 2.13 m"},"content":{"rendered":"<p>CA\u00d1A 13F FATE BLACK FTBS70MH2 2.13M 15\/40 GRS<\/p>\n<p>La fortuna favorece a los atrevidos. La determinaci\u00f3n nos ha llevado a crear una serie tan profunda que es \u00fanica. El Fate Black est\u00e1 construido con un agudo sentido incluso para los golpes m\u00e1s sutiles. La construcci\u00f3n en blanco de HTC 3 Low Resin proporciona un poder de penetraci\u00f3n de ganchos con la m\u00e1xima sensibilidad. El portacarretes sin costuras mate Evolve y las gu\u00edas sin enredos envueltas a medida transmiten cada vibraci\u00f3n min\u00fascula directamente a su mano.<\/p>\n<p>Caracter\u00edsticas:<\/p>\n<p>&#8211; 2.13 mts<\/p>\n<p>&#8211; 15-40 Gramos<\/p>\n<p>&#8211; Construcci\u00f3n en blanco de baja resina japonesa de 30 toneladas HTC 3<\/p>\n<p>&#8211; Asiento de carrete sin costuras Evolve<\/p>\n<p>&#8211; Gu\u00edas sin enredos con inserciones de zirconia<\/p>\n<p>&#8211; Mango de corcho portugu\u00e9s 3A<\/p>\n","protected":false},"excerpt":{"rendered":"<p>CA\u00d1A 13F FATE BLACK FTBS70MH2 2.13M 15\/40 GRS La fortuna favorece a los atrevidos. La determinaci\u00f3n nos ha llevado a crear una serie tan profunda que es \u00fanica. El Fate&#8230;<\/p>\n","protected":false},"featured_media":5035,"comment_status":"open","ping_status":"closed","template":"","meta":{"_joinchat":[]},"product_brand":[],"product_cat":[44],"product_tag":[],"class_list":{"0":"post-5034","1":"product","2":"type-product","3":"status-publish","4":"has-post-thumbnail","6":"product_cat-pesca","8":"first","9":"instock","10":"shipping-taxable","11":"purchasable","12":"product-type-simple"},"_links":{"self":[{"href":"https:\/\/pualuan.cl\/outdoor\/wp-json\/wp\/v2\/product\/5034","targetHints":{"allow":["GET"]}}],"collection":[{"href":"https:\/\/pualuan.cl\/outdoor\/wp-json\/wp\/v2\/product"}],"about":[{"href":"https:\/\/pualuan.cl\/outdoor\/wp-json\/wp\/v2\/types\/product"}],"replies":[{"embeddable":true,"href":"https:\/\/pualuan.cl\/outdoor\/wp-json\/wp\/v2\/comments?post=5034"}],"wp:featuredmedia":[{"embeddable":true,"href":"https:\/\/pualuan.cl\/outdoor\/wp-json\/wp\/v2\/media\/5035"}],"wp:attachment":[{"href":"https:\/\/pualuan.cl\/outdoor\/wp-json\/wp\/v2\/media?parent=5034"}],"wp:term":[{"taxonomy":"product_brand","embeddable":true,"href":"https:\/\/pualuan.cl\/outdoor\/wp-json\/wp\/v2\/product_brand?post=5034"},{"taxonomy":"product_cat","embeddable":true,"href":"https:\/\/pualuan.cl\/outdoor\/wp-json\/wp\/v2\/product_cat?post=5034"},{"taxonomy":"product_tag","embeddable":true,"href":"https:\/\/pualuan.cl\/outdoor\/wp-json\/wp\/v2\/product_tag?post=5034"}],"curies":[{"name":"wp","href":"https:\/\/api.w.org\/{rel}","templated":true}]}}