{"id":5019,"date":"2025-08-21T22:15:59","date_gmt":"2025-08-21T22:15:59","guid":{"rendered":"https:\/\/pualuan.cl\/outdoor\/?post_type=product&#038;p=5019"},"modified":"2026-04-08T21:24:43","modified_gmt":"2026-04-08T21:24:43","slug":"cana-okuma-silverside-2-1-m","status":"publish","type":"product","link":"https:\/\/pualuan.cl\/outdoor\/producto\/cana-okuma-silverside-2-1-m\/","title":{"rendered":"Ca\u00f1a Okuma Silverside 2.1 m"},"content":{"rendered":"<p>Construcci\u00f3n en carbono: peso ligero y buena reactividad.<\/p>\n<p>Pasadores de cer\u00e1mica: minimizan el desgaste del hilo y mejoran el deslizamiento.<\/p>\n<p>Dise\u00f1o en 2 piezas: f\u00e1cil de transportar y almacenar.<\/p>\n<p>Modelos variados seg\u00fan tipo de lance y estilo de pesca.<\/p>\n<p>Ideal para pesca recreativa de pejerrey y otras especies peque\u00f1as.<\/p>\n<p>Largo: 2.10 m<\/p>\n<p>Piezas: 2<\/p>\n<p>Largo de alcance: 10-40g<\/p>\n<p>Anillas: 5 + punta<\/p>\n","protected":false},"excerpt":{"rendered":"<p>Construcci\u00f3n en carbono: peso ligero y buena reactividad. Pasadores de cer\u00e1mica: minimizan el desgaste del hilo y mejoran el deslizamiento. Dise\u00f1o en 2 piezas: f\u00e1cil de transportar y almacenar. Modelos&#8230;<\/p>\n","protected":false},"featured_media":5020,"comment_status":"open","ping_status":"closed","template":"","meta":{"_joinchat":[]},"product_brand":[66],"product_cat":[44],"product_tag":[],"class_list":{"0":"post-5019","1":"product","2":"type-product","3":"status-publish","4":"has-post-thumbnail","6":"product_brand-okuma","7":"product_cat-pesca","9":"first","10":"outofstock","11":"shipping-taxable","12":"purchasable","13":"product-type-simple"},"_links":{"self":[{"href":"https:\/\/pualuan.cl\/outdoor\/wp-json\/wp\/v2\/product\/5019","targetHints":{"allow":["GET"]}}],"collection":[{"href":"https:\/\/pualuan.cl\/outdoor\/wp-json\/wp\/v2\/product"}],"about":[{"href":"https:\/\/pualuan.cl\/outdoor\/wp-json\/wp\/v2\/types\/product"}],"replies":[{"embeddable":true,"href":"https:\/\/pualuan.cl\/outdoor\/wp-json\/wp\/v2\/comments?post=5019"}],"wp:featuredmedia":[{"embeddable":true,"href":"https:\/\/pualuan.cl\/outdoor\/wp-json\/wp\/v2\/media\/5020"}],"wp:attachment":[{"href":"https:\/\/pualuan.cl\/outdoor\/wp-json\/wp\/v2\/media?parent=5019"}],"wp:term":[{"taxonomy":"product_brand","embeddable":true,"href":"https:\/\/pualuan.cl\/outdoor\/wp-json\/wp\/v2\/product_brand?post=5019"},{"taxonomy":"product_cat","embeddable":true,"href":"https:\/\/pualuan.cl\/outdoor\/wp-json\/wp\/v2\/product_cat?post=5019"},{"taxonomy":"product_tag","embeddable":true,"href":"https:\/\/pualuan.cl\/outdoor\/wp-json\/wp\/v2\/product_tag?post=5019"}],"curies":[{"name":"wp","href":"https:\/\/api.w.org\/{rel}","templated":true}]}}