{"id":4973,"date":"2025-08-21T16:21:41","date_gmt":"2025-08-21T16:21:41","guid":{"rendered":"https:\/\/pualuan.cl\/outdoor\/?post_type=product&#038;p=4973"},"modified":"2025-08-31T23:04:13","modified_gmt":"2025-08-31T23:04:13","slug":"cana-de-mar-blue-fox-salt-3-0-m","status":"publish","type":"product","link":"https:\/\/pualuan.cl\/outdoor\/producto\/cana-de-mar-blue-fox-salt-3-0-m\/","title":{"rendered":"Ca\u00f1a De Mar Blue Fox Salt 3.0 m"},"content":{"rendered":"<p>Ca\u00f1a De Mar Blue Fox Salt 300 Xh3 Spinning Pesca Geoutdoor<\/p>\n<p>SALT Modelo: Salt<\/p>\n<p>C\u00f3digo: 11BFSALT300<\/p>\n<p>Medida (cm): 300<\/p>\n<p>Acci\u00f3n de lanzado: 60-120 gr<\/p>\n<p>Anillas: 6<\/p>\n<p>Tramos: 2<\/p>\n<p>Peso(g): 504 gr<\/p>\n<p>Pasadores: Cer\u00e1micos<\/p>\n<p>Color: Gris<\/p>\n<p>Uni\u00f3n: SIMPLE<\/p>\n<p>Tipo Mango: EVA<\/p>\n<p>Porta carrete: Pl\u00e1stico Reforzado \u2022 Fabricaci\u00f3n fibra compuesta.<\/p>\n","protected":false},"excerpt":{"rendered":"<p>Ca\u00f1a De Mar Blue Fox Salt 300 Xh3 Spinning Pesca Geoutdoor SALT Modelo: Salt C\u00f3digo: 11BFSALT300 Medida (cm): 300 Acci\u00f3n de lanzado: 60-120 gr Anillas: 6 Tramos: 2 Peso(g): 504&#8230;<\/p>\n","protected":false},"featured_media":4974,"comment_status":"open","ping_status":"closed","template":"","meta":{"_joinchat":[]},"product_brand":[],"product_cat":[44],"product_tag":[],"class_list":{"0":"post-4973","1":"product","2":"type-product","3":"status-publish","4":"has-post-thumbnail","6":"product_cat-pesca","8":"first","9":"instock","10":"shipping-taxable","11":"purchasable","12":"product-type-simple"},"_links":{"self":[{"href":"https:\/\/pualuan.cl\/outdoor\/wp-json\/wp\/v2\/product\/4973","targetHints":{"allow":["GET"]}}],"collection":[{"href":"https:\/\/pualuan.cl\/outdoor\/wp-json\/wp\/v2\/product"}],"about":[{"href":"https:\/\/pualuan.cl\/outdoor\/wp-json\/wp\/v2\/types\/product"}],"replies":[{"embeddable":true,"href":"https:\/\/pualuan.cl\/outdoor\/wp-json\/wp\/v2\/comments?post=4973"}],"wp:featuredmedia":[{"embeddable":true,"href":"https:\/\/pualuan.cl\/outdoor\/wp-json\/wp\/v2\/media\/4974"}],"wp:attachment":[{"href":"https:\/\/pualuan.cl\/outdoor\/wp-json\/wp\/v2\/media?parent=4973"}],"wp:term":[{"taxonomy":"product_brand","embeddable":true,"href":"https:\/\/pualuan.cl\/outdoor\/wp-json\/wp\/v2\/product_brand?post=4973"},{"taxonomy":"product_cat","embeddable":true,"href":"https:\/\/pualuan.cl\/outdoor\/wp-json\/wp\/v2\/product_cat?post=4973"},{"taxonomy":"product_tag","embeddable":true,"href":"https:\/\/pualuan.cl\/outdoor\/wp-json\/wp\/v2\/product_tag?post=4973"}],"curies":[{"name":"wp","href":"https:\/\/api.w.org\/{rel}","templated":true}]}}