{"id":4956,"date":"2025-08-21T04:36:41","date_gmt":"2025-08-21T04:36:41","guid":{"rendered":"https:\/\/pualuan.cl\/outdoor\/?post_type=product&#038;p=4956"},"modified":"2025-08-31T23:04:38","modified_gmt":"2025-08-31T23:04:38","slug":"cana-shimano-exage-spinning-2-90m","status":"publish","type":"product","link":"https:\/\/pualuan.cl\/outdoor\/producto\/cana-shimano-exage-spinning-2-90m\/","title":{"rendered":"Ca\u00f1a Shimano Exage Spinning 2.9 m"},"content":{"rendered":"<p>Shimano Exage Spinning XAS96HSA 2.90m 30-80g<\/p>\n<p>La linea de ca\u00f1as Exage para el mar, fueron dise\u00f1adas especialmente para las costas chilenas, con caracter\u00edsticas especiales para una pesca de spinning eficiente desde las costas, aportando un bajo peso, una acci\u00f3n r\u00e1pida, con una tolerancia mixta que permite el lanzamiento de se\u00f1uelos, jigs livianos y vinilos.<\/p>\n<p>El mango tipo japon\u00e9s de la EXAGE es muy fino y c\u00f3modo, y se siente firme al tacto. En la versi\u00f3n 2.90, tiene una mayor extensi\u00f3n para tener mejor grip en lanzamientos con fuerza.<\/p>\n<p>Fabricada en Grafito 30 TON altamente resistente<\/p>\n<p>Mango de corcho<\/p>\n<p>Pasadores Fuji<\/p>\n<p>Largo: 2.90m<\/p>\n<p>Peso del se\u00f1uelo: 30-80g<\/p>\n<p>Tramos: 2<\/p>\n<p>Peso: 225g<\/p>\n<p>Largo desarmada: 1.50m<\/p>\n","protected":false},"excerpt":{"rendered":"<p>Shimano Exage Spinning XAS96HSA 2.90m 30-80g La linea de ca\u00f1as Exage para el mar, fueron dise\u00f1adas especialmente para las costas chilenas, con caracter\u00edsticas especiales para una pesca de spinning eficiente&#8230;<\/p>\n","protected":false},"featured_media":4958,"comment_status":"open","ping_status":"closed","template":"","meta":{"_joinchat":[]},"product_brand":[],"product_cat":[44],"product_tag":[],"class_list":{"0":"post-4956","1":"product","2":"type-product","3":"status-publish","4":"has-post-thumbnail","6":"product_cat-pesca","8":"first","9":"instock","10":"shipping-taxable","11":"purchasable","12":"product-type-simple"},"_links":{"self":[{"href":"https:\/\/pualuan.cl\/outdoor\/wp-json\/wp\/v2\/product\/4956","targetHints":{"allow":["GET"]}}],"collection":[{"href":"https:\/\/pualuan.cl\/outdoor\/wp-json\/wp\/v2\/product"}],"about":[{"href":"https:\/\/pualuan.cl\/outdoor\/wp-json\/wp\/v2\/types\/product"}],"replies":[{"embeddable":true,"href":"https:\/\/pualuan.cl\/outdoor\/wp-json\/wp\/v2\/comments?post=4956"}],"wp:featuredmedia":[{"embeddable":true,"href":"https:\/\/pualuan.cl\/outdoor\/wp-json\/wp\/v2\/media\/4958"}],"wp:attachment":[{"href":"https:\/\/pualuan.cl\/outdoor\/wp-json\/wp\/v2\/media?parent=4956"}],"wp:term":[{"taxonomy":"product_brand","embeddable":true,"href":"https:\/\/pualuan.cl\/outdoor\/wp-json\/wp\/v2\/product_brand?post=4956"},{"taxonomy":"product_cat","embeddable":true,"href":"https:\/\/pualuan.cl\/outdoor\/wp-json\/wp\/v2\/product_cat?post=4956"},{"taxonomy":"product_tag","embeddable":true,"href":"https:\/\/pualuan.cl\/outdoor\/wp-json\/wp\/v2\/product_tag?post=4956"}],"curies":[{"name":"wp","href":"https:\/\/api.w.org\/{rel}","templated":true}]}}