{"id":4946,"date":"2025-08-21T03:58:53","date_gmt":"2025-08-21T03:58:53","guid":{"rendered":"https:\/\/pualuan.cl\/outdoor\/?post_type=product&#038;p=4946"},"modified":"2025-08-31T23:04:39","modified_gmt":"2025-08-31T23:04:39","slug":"cana-okuma-slv-6-90-4-2-75m","status":"publish","type":"product","link":"https:\/\/pualuan.cl\/outdoor\/producto\/cana-okuma-slv-6-90-4-2-75m\/","title":{"rendered":"Ca\u00f1a Okuma Slv 6-90-4 2.75m"},"content":{"rendered":"<p>Las Ca\u00f1as de Fly ( Mosca ) Okuma SLV est\u00e1n construidas en blancos de acci\u00f3n moderadamente r\u00e1pidos. El dise\u00f1o de la barra de 4 piezas es para viajes compactos. Las Ca\u00f1as de Fly ( Mosca ) SLV se encuentran igualmente en Inicio en un peque\u00f1o arroyo, en los grandes r\u00edos occidentales y en las agua salada .<\/p>\n<p>\u2013 Construcci\u00f3n de grafito ligero<br \/>\n\u2013 Dise\u00f1o de varilla de 4 piezas.<br \/>\n\u2013 Gu\u00eda decapante de \u00f3xido de titanio.<br \/>\n\u2013 Gu\u00edas de serpiente de acero inoxidable.<br \/>\n\u2013 Asiento del carrete de aluminio con capuchas de aluminio.<br \/>\n\u2013 Construcci\u00f3n de fibra de carbono en blanco.<br \/>\n\u2013 Bolsa de varilla Okuma<\/p>\n","protected":false},"excerpt":{"rendered":"<p>Las Ca\u00f1as de Fly ( Mosca ) Okuma SLV est\u00e1n construidas en blancos de acci\u00f3n moderadamente r\u00e1pidos. El dise\u00f1o de la barra de 4 piezas es para viajes compactos. Las&#8230;<\/p>\n","protected":false},"featured_media":4947,"comment_status":"open","ping_status":"closed","template":"","meta":{"_joinchat":[]},"product_brand":[66],"product_cat":[44],"product_tag":[],"class_list":{"0":"post-4946","1":"product","2":"type-product","3":"status-publish","4":"has-post-thumbnail","6":"product_brand-okuma","7":"product_cat-pesca","9":"first","10":"instock","11":"shipping-taxable","12":"purchasable","13":"product-type-simple"},"_links":{"self":[{"href":"https:\/\/pualuan.cl\/outdoor\/wp-json\/wp\/v2\/product\/4946","targetHints":{"allow":["GET"]}}],"collection":[{"href":"https:\/\/pualuan.cl\/outdoor\/wp-json\/wp\/v2\/product"}],"about":[{"href":"https:\/\/pualuan.cl\/outdoor\/wp-json\/wp\/v2\/types\/product"}],"replies":[{"embeddable":true,"href":"https:\/\/pualuan.cl\/outdoor\/wp-json\/wp\/v2\/comments?post=4946"}],"wp:featuredmedia":[{"embeddable":true,"href":"https:\/\/pualuan.cl\/outdoor\/wp-json\/wp\/v2\/media\/4947"}],"wp:attachment":[{"href":"https:\/\/pualuan.cl\/outdoor\/wp-json\/wp\/v2\/media?parent=4946"}],"wp:term":[{"taxonomy":"product_brand","embeddable":true,"href":"https:\/\/pualuan.cl\/outdoor\/wp-json\/wp\/v2\/product_brand?post=4946"},{"taxonomy":"product_cat","embeddable":true,"href":"https:\/\/pualuan.cl\/outdoor\/wp-json\/wp\/v2\/product_cat?post=4946"},{"taxonomy":"product_tag","embeddable":true,"href":"https:\/\/pualuan.cl\/outdoor\/wp-json\/wp\/v2\/product_tag?post=4946"}],"curies":[{"name":"wp","href":"https:\/\/api.w.org\/{rel}","templated":true}]}}