{"id":4784,"date":"2025-08-19T03:13:54","date_gmt":"2025-08-19T03:13:54","guid":{"rendered":"https:\/\/pualuan.cl\/outdoor\/?post_type=product&#038;p=4784"},"modified":"2025-11-13T14:49:15","modified_gmt":"2025-11-13T14:49:15","slug":"botella-450ml-vidrio","status":"publish","type":"product","link":"https:\/\/pualuan.cl\/outdoor\/producto\/botella-450ml-vidrio\/","title":{"rendered":"Botella 450ml vidrio"},"content":{"rendered":"<p><strong>Descripci\u00f3n<\/strong><\/p>\n<p>Fabricada con un interior de vidrio, garantiza la pureza del sabor de tus bebidas, mientras que su exterior con recubrimiento de PVC proporciona un agarre c\u00f3modo y una mayor durabilidad. El sistema de apertura de tapa a rosca asegura un cierre herm\u00e9tico, evitando derrames y permitiendo un transporte seguro.<\/p>\n<p>Con una capacidad de 450 ml, es perfecta para llevar agua, t\u00e9 o caf\u00e9 a la oficina, al gimnasio o durante tus paseos. Su dise\u00f1o ligero y compacto facilita su almacenamiento en mochilas o bolsos, convirti\u00e9ndola en un compa\u00f1ero ideal para cualquier actividad.<\/p>\n","protected":false},"excerpt":{"rendered":"<p>Descripci\u00f3n Fabricada con un interior de vidrio, garantiza la pureza del sabor de tus bebidas, mientras que su exterior con recubrimiento de PVC proporciona un agarre c\u00f3modo y una mayor&#8230;<\/p>\n","protected":false},"featured_media":5408,"comment_status":"open","ping_status":"closed","template":"","meta":{"_joinchat":[]},"product_brand":[],"product_cat":[88],"product_tag":[],"class_list":{"0":"post-4784","1":"product","2":"type-product","3":"status-publish","4":"has-post-thumbnail","6":"product_cat-termos-y-botellas","8":"first","9":"instock","10":"shipping-taxable","11":"purchasable","12":"product-type-simple"},"_links":{"self":[{"href":"https:\/\/pualuan.cl\/outdoor\/wp-json\/wp\/v2\/product\/4784","targetHints":{"allow":["GET"]}}],"collection":[{"href":"https:\/\/pualuan.cl\/outdoor\/wp-json\/wp\/v2\/product"}],"about":[{"href":"https:\/\/pualuan.cl\/outdoor\/wp-json\/wp\/v2\/types\/product"}],"replies":[{"embeddable":true,"href":"https:\/\/pualuan.cl\/outdoor\/wp-json\/wp\/v2\/comments?post=4784"}],"wp:featuredmedia":[{"embeddable":true,"href":"https:\/\/pualuan.cl\/outdoor\/wp-json\/wp\/v2\/media\/5408"}],"wp:attachment":[{"href":"https:\/\/pualuan.cl\/outdoor\/wp-json\/wp\/v2\/media?parent=4784"}],"wp:term":[{"taxonomy":"product_brand","embeddable":true,"href":"https:\/\/pualuan.cl\/outdoor\/wp-json\/wp\/v2\/product_brand?post=4784"},{"taxonomy":"product_cat","embeddable":true,"href":"https:\/\/pualuan.cl\/outdoor\/wp-json\/wp\/v2\/product_cat?post=4784"},{"taxonomy":"product_tag","embeddable":true,"href":"https:\/\/pualuan.cl\/outdoor\/wp-json\/wp\/v2\/product_tag?post=4784"}],"curies":[{"name":"wp","href":"https:\/\/api.w.org\/{rel}","templated":true}]}}