{"id":4626,"date":"2025-08-15T19:19:31","date_gmt":"2025-08-15T19:19:31","guid":{"rendered":"https:\/\/pualuan.cl\/outdoor\/?post_type=product&#038;p=4626"},"modified":"2025-08-31T23:06:25","modified_gmt":"2025-08-31T23:06:25","slug":"classic-pro-clx-302la","status":"publish","type":"product","link":"https:\/\/pualuan.cl\/outdoor\/producto\/classic-pro-clx-302la\/","title":{"rendered":"Classic Pro CLX-302La"},"content":{"rendered":"<p><strong>Calidad y confiabilidad inigualables<\/strong><\/p>\n<p>Descubra el Classic Pro CLX-302LA, una herramienta imprescindible para los entusiastas de la pesca que exigen rendimiento y durabilidad. Dise\u00f1ado por Okuma, un nombre de confianza en la industria, este carrete de pesca ofrece una confiabilidad excepcional,<br \/>\nLo convierte en el compa\u00f1ero ideal, ya sea que salga a un fin de semana relajante junto al lago o aborde las desafiantes aguas en alta mar.<\/p>\n<p><strong>Dise\u00f1ado para un rendimiento superior<\/strong><\/p>\n<p>El Classic Pro CLX-302LA est\u00e1 construido con ingenier\u00eda de precisi\u00f3n para garantizar una operaci\u00f3n sin esfuerzo y una experiencia de pesca suave cada vez.<br \/>\nSu construcci\u00f3n de grafito reforzada es liviana pero incre\u00edblemente duradera, lo que garantiza un rendimiento a largo plazo en todas las condiciones de pesca. Este carrete presenta un sistema de engranajes de autocreno para una operaci\u00f3n perfecta, incluso durante el uso prolongado. Con una capacidad de arrastre m\u00e1xima que satisfaga las necesidades de los pescadores serios, estar\u00e1s bien<br \/>\nEquipado para carrete en la gran captura con confianza.<\/p>\n<p><strong>Caracter\u00edsticas dise\u00f1adas para mejorar su experiencia de pesca<\/strong><\/p>\n<p>Desde su dise\u00f1o ergon\u00f3mico hasta su mec\u00e1nica avanzada, el Classic Pro CLX-302LA proporciona todo lo que necesita para la pesca sin problemas. Los materiales resistentes a la corrosi\u00f3n lo convierten en una excelente opci\u00f3n para los ambientes de agua dulce y de agua salada.<br \/>\nAdem\u00e1s, el sistema de viento nivelado garantiza una distribuci\u00f3n de l\u00ednea uniforme, reduciendo los enredos y manteniendo la precisi\u00f3n. Este carrete tambi\u00e9n viene equipado con componentes de alta calidad, como un asiento de carrete de acero inoxidable y arandelas de arrastre m\u00faltiples, meticulosamente elaboradas para cumplir con los m\u00e1s altos est\u00e1ndares de rendimiento.<br \/>\nYa sea que sea un pescador experimentado o que acaba de comenzar su viaje de pesca, el Classic Pro CLX-302LA ofrece caracter\u00edsticas premium a un precio accesible. \u00a1Elegue su colecci\u00f3n de tackle hoy y disfrute de la confiabilidad y la eficiencia por la que los productos Okuma son conocidos!<\/p>\n","protected":false},"excerpt":{"rendered":"<p>Calidad y confiabilidad inigualables Descubra el Classic Pro CLX-302LA, una herramienta imprescindible para los entusiastas de la pesca que exigen rendimiento y durabilidad. Dise\u00f1ado por Okuma, un nombre de confianza&#8230;<\/p>\n","protected":false},"featured_media":4630,"comment_status":"open","ping_status":"closed","template":"","meta":{"_joinchat":[]},"product_brand":[],"product_cat":[44],"product_tag":[],"class_list":{"0":"post-4626","1":"product","2":"type-product","3":"status-publish","4":"has-post-thumbnail","6":"product_cat-pesca","8":"first","9":"instock","10":"shipping-taxable","11":"purchasable","12":"product-type-simple"},"_links":{"self":[{"href":"https:\/\/pualuan.cl\/outdoor\/wp-json\/wp\/v2\/product\/4626","targetHints":{"allow":["GET"]}}],"collection":[{"href":"https:\/\/pualuan.cl\/outdoor\/wp-json\/wp\/v2\/product"}],"about":[{"href":"https:\/\/pualuan.cl\/outdoor\/wp-json\/wp\/v2\/types\/product"}],"replies":[{"embeddable":true,"href":"https:\/\/pualuan.cl\/outdoor\/wp-json\/wp\/v2\/comments?post=4626"}],"wp:featuredmedia":[{"embeddable":true,"href":"https:\/\/pualuan.cl\/outdoor\/wp-json\/wp\/v2\/media\/4630"}],"wp:attachment":[{"href":"https:\/\/pualuan.cl\/outdoor\/wp-json\/wp\/v2\/media?parent=4626"}],"wp:term":[{"taxonomy":"product_brand","embeddable":true,"href":"https:\/\/pualuan.cl\/outdoor\/wp-json\/wp\/v2\/product_brand?post=4626"},{"taxonomy":"product_cat","embeddable":true,"href":"https:\/\/pualuan.cl\/outdoor\/wp-json\/wp\/v2\/product_cat?post=4626"},{"taxonomy":"product_tag","embeddable":true,"href":"https:\/\/pualuan.cl\/outdoor\/wp-json\/wp\/v2\/product_tag?post=4626"}],"curies":[{"name":"wp","href":"https:\/\/api.w.org\/{rel}","templated":true}]}}