{"id":4587,"date":"2025-08-12T06:45:01","date_gmt":"2025-08-12T06:45:01","guid":{"rendered":"https:\/\/pualuan.cl\/outdoor\/?post_type=product&#038;p=4587"},"modified":"2025-08-31T23:06:49","modified_gmt":"2025-08-31T23:06:49","slug":"almohada-inflable-camping-compact-national-geographic","status":"publish","type":"product","link":"https:\/\/pualuan.cl\/outdoor\/producto\/almohada-inflable-camping-compact-national-geographic\/","title":{"rendered":"Almohada Inflable Camping Compact National Geographic"},"content":{"rendered":"<p>* Estructura curvada interna, l\u00ednea ergon\u00f3mica<br \/>\n* V\u00e1lvula de aire multifuncional, el aire podr\u00e1 ser llenado sin inflador<br \/>\n* De peso ligero, es c\u00f3moda y suave<br \/>\n* Medidas: 32x42x10cm<br \/>\n* Peso: 83gr<\/p>\n<p>Color: Azul Petroleo<\/p>\n","protected":false},"excerpt":{"rendered":"<p>* Estructura curvada interna, l\u00ednea ergon\u00f3mica * V\u00e1lvula de aire multifuncional, el aire podr\u00e1 ser llenado sin inflador * De peso ligero, es c\u00f3moda y suave * Medidas: 32x42x10cm *&#8230;<\/p>\n","protected":false},"featured_media":4588,"comment_status":"open","ping_status":"closed","template":"","meta":{"_joinchat":[]},"product_brand":[],"product_cat":[42],"product_tag":[],"class_list":{"0":"post-4587","1":"product","2":"type-product","3":"status-publish","4":"has-post-thumbnail","6":"product_cat-camping-y-trekking","8":"first","9":"instock","10":"shipping-taxable","11":"purchasable","12":"product-type-simple"},"_links":{"self":[{"href":"https:\/\/pualuan.cl\/outdoor\/wp-json\/wp\/v2\/product\/4587","targetHints":{"allow":["GET"]}}],"collection":[{"href":"https:\/\/pualuan.cl\/outdoor\/wp-json\/wp\/v2\/product"}],"about":[{"href":"https:\/\/pualuan.cl\/outdoor\/wp-json\/wp\/v2\/types\/product"}],"replies":[{"embeddable":true,"href":"https:\/\/pualuan.cl\/outdoor\/wp-json\/wp\/v2\/comments?post=4587"}],"wp:featuredmedia":[{"embeddable":true,"href":"https:\/\/pualuan.cl\/outdoor\/wp-json\/wp\/v2\/media\/4588"}],"wp:attachment":[{"href":"https:\/\/pualuan.cl\/outdoor\/wp-json\/wp\/v2\/media?parent=4587"}],"wp:term":[{"taxonomy":"product_brand","embeddable":true,"href":"https:\/\/pualuan.cl\/outdoor\/wp-json\/wp\/v2\/product_brand?post=4587"},{"taxonomy":"product_cat","embeddable":true,"href":"https:\/\/pualuan.cl\/outdoor\/wp-json\/wp\/v2\/product_cat?post=4587"},{"taxonomy":"product_tag","embeddable":true,"href":"https:\/\/pualuan.cl\/outdoor\/wp-json\/wp\/v2\/product_tag?post=4587"}],"curies":[{"name":"wp","href":"https:\/\/api.w.org\/{rel}","templated":true}]}}