{"id":4573,"date":"2025-08-12T06:15:56","date_gmt":"2025-08-12T06:15:56","guid":{"rendered":"https:\/\/pualuan.cl\/outdoor\/?post_type=product&#038;p=4573"},"modified":"2025-11-17T19:30:44","modified_gmt":"2025-11-17T19:30:44","slug":"lentes-de-natacion-ocean-uktime","status":"publish","type":"product","link":"https:\/\/pualuan.cl\/outdoor\/producto\/lentes-de-natacion-ocean-uktime\/","title":{"rendered":"Lentes de Natacion Ocean UKTime"},"content":{"rendered":"<p>Los Lentes de nataci\u00f3n OCEAN UK Time son tu mejor opci\u00f3n para nadar en aguas abiertas.<br \/>\nLa elecci\u00f3n de las gafas de nataci\u00f3n para aguas abiertas es crucial para garantizar una visi\u00f3n clara y protecci\u00f3n contra elementos como el sol, el viento y las olas.<br \/>\nAqu\u00ed hay algunas caracter\u00edsticas que debes buscar al elegir lentes de nataci\u00f3n para aguas abiertas:<br \/>\nVisi\u00f3n panor\u00e1mica: Las gafas deben proporcionar una visi\u00f3n amplia y clara, permiti\u00e9ndote ver tanto hacia adelante como hacia los lados. Esto es especialmente importante en aguas abiertas donde es posible que encuentres condiciones variables.<br \/>\nProtecci\u00f3n UV: es esencial elegir lentes con protecci\u00f3n UV para proteger tus ojos de los da\u00f1inos rayos ultravioleta.<br \/>\nAntivaho: Las gafas deben tener un revestimiento antivaho para garantizar que no se empa\u00f1en f\u00e1cilmente, especialmente en condiciones de humedad o cuando est\u00e1s fuera del agua.<\/p>\n<p>MANTENIMIENTO DE LOS LENTES DE NATACI\u00d3N<br \/>\n\u2013 Enjuaga despu\u00e9s de cada uso con agua dulce para eliminar el cloro, la sal u otros residuos.<br \/>\n\u2013 Limpieza suave, no uses toalla de papel porque puede da\u00f1ar tus lentes.<br \/>\n\u2013 Evita exponerlas al sol por tiempos prolongados.<br \/>\n\u2013 Almac\u00e9nalas adecuadamente en su estuche.<br \/>\n\u2013 Ajusta la correa correctamente.<\/p>\n","protected":false},"excerpt":{"rendered":"<p>Los Lentes de nataci\u00f3n OCEAN UK Time son tu mejor opci\u00f3n para nadar en aguas abiertas. La elecci\u00f3n de las gafas de nataci\u00f3n para aguas abiertas es crucial para garantizar&#8230;<\/p>\n","protected":false},"featured_media":4576,"comment_status":"open","ping_status":"closed","template":"","meta":{"_joinchat":[]},"product_brand":[],"product_cat":[97],"product_tag":[],"class_list":{"0":"post-4573","1":"product","2":"type-product","3":"status-publish","4":"has-post-thumbnail","6":"product_cat-deportes","8":"first","9":"instock","10":"shipping-taxable","11":"purchasable","12":"product-type-simple"},"_links":{"self":[{"href":"https:\/\/pualuan.cl\/outdoor\/wp-json\/wp\/v2\/product\/4573","targetHints":{"allow":["GET"]}}],"collection":[{"href":"https:\/\/pualuan.cl\/outdoor\/wp-json\/wp\/v2\/product"}],"about":[{"href":"https:\/\/pualuan.cl\/outdoor\/wp-json\/wp\/v2\/types\/product"}],"replies":[{"embeddable":true,"href":"https:\/\/pualuan.cl\/outdoor\/wp-json\/wp\/v2\/comments?post=4573"}],"wp:featuredmedia":[{"embeddable":true,"href":"https:\/\/pualuan.cl\/outdoor\/wp-json\/wp\/v2\/media\/4576"}],"wp:attachment":[{"href":"https:\/\/pualuan.cl\/outdoor\/wp-json\/wp\/v2\/media?parent=4573"}],"wp:term":[{"taxonomy":"product_brand","embeddable":true,"href":"https:\/\/pualuan.cl\/outdoor\/wp-json\/wp\/v2\/product_brand?post=4573"},{"taxonomy":"product_cat","embeddable":true,"href":"https:\/\/pualuan.cl\/outdoor\/wp-json\/wp\/v2\/product_cat?post=4573"},{"taxonomy":"product_tag","embeddable":true,"href":"https:\/\/pualuan.cl\/outdoor\/wp-json\/wp\/v2\/product_tag?post=4573"}],"curies":[{"name":"wp","href":"https:\/\/api.w.org\/{rel}","templated":true}]}}