{"id":4504,"date":"2025-08-12T04:45:22","date_gmt":"2025-08-12T04:45:22","guid":{"rendered":"https:\/\/pualuan.cl\/outdoor\/?post_type=product&#038;p=4504"},"modified":"2026-04-10T21:43:43","modified_gmt":"2026-04-10T21:43:43","slug":"termo-ergo-keep-500-ml-negro","status":"publish","type":"product","link":"https:\/\/pualuan.cl\/outdoor\/producto\/termo-ergo-keep-500-ml-negro\/","title":{"rendered":"Termo Ergo Keep 500 Ml &#8211; negro"},"content":{"rendered":"<p>Somos VIA HOME, una empresa familiar con 19 a\u00f1os de trayectoria, que nos avalan en venta al p\u00fablico. Brindamos atenci\u00f3n personalizada y confianza a cada cliente. Ofrecemos el mejor precio \/ calidad en todos nuestros productos.<br \/>\nSomos Mercado L\u00edder Platinum, la calificaci\u00f3n m\u00e1s alta de Mercado Libre. Compra con confianza.<\/p>\n<p>TERMO ERGO KEEP 500 ML<br \/>\nAcero Inoxidable<br \/>\nBoca ancha que facilita el lavado<br \/>\nTecnolog\u00eda de aislamiento de aire y de retenci\u00f3n m\u00e1xima de temperatura, caliente y fr\u00eda<br \/>\nDuraci\u00f3n de temperatura 12hrs\/caliente &#8211; 24hrs\/frio<br \/>\nLiviano y port\u00e1til<br \/>\nVariedad de colores<br \/>\nLibre de BPA<br \/>\nTapa a rosca<\/p>\n<p>MEDIDAS<br \/>\nTama\u00f1o: 25 cm de alto (incluyendo la tapa) \/ 4 cm di\u00e1metro de boca \/ 7 cm di\u00e1metro base<\/p>\n","protected":false},"excerpt":{"rendered":"<p>Somos VIA HOME, una empresa familiar con 19 a\u00f1os de trayectoria, que nos avalan en venta al p\u00fablico. Brindamos atenci\u00f3n personalizada y confianza a cada cliente. Ofrecemos el mejor precio&#8230;<\/p>\n","protected":false},"featured_media":5744,"comment_status":"open","ping_status":"closed","template":"","meta":{"_joinchat":[]},"product_brand":[61],"product_cat":[88],"product_tag":[],"class_list":{"0":"post-4504","1":"product","2":"type-product","3":"status-publish","4":"has-post-thumbnail","6":"product_brand-keep","7":"product_cat-termos-y-botellas","9":"first","10":"outofstock","11":"shipping-taxable","12":"purchasable","13":"product-type-simple"},"_links":{"self":[{"href":"https:\/\/pualuan.cl\/outdoor\/wp-json\/wp\/v2\/product\/4504","targetHints":{"allow":["GET"]}}],"collection":[{"href":"https:\/\/pualuan.cl\/outdoor\/wp-json\/wp\/v2\/product"}],"about":[{"href":"https:\/\/pualuan.cl\/outdoor\/wp-json\/wp\/v2\/types\/product"}],"replies":[{"embeddable":true,"href":"https:\/\/pualuan.cl\/outdoor\/wp-json\/wp\/v2\/comments?post=4504"}],"wp:featuredmedia":[{"embeddable":true,"href":"https:\/\/pualuan.cl\/outdoor\/wp-json\/wp\/v2\/media\/5744"}],"wp:attachment":[{"href":"https:\/\/pualuan.cl\/outdoor\/wp-json\/wp\/v2\/media?parent=4504"}],"wp:term":[{"taxonomy":"product_brand","embeddable":true,"href":"https:\/\/pualuan.cl\/outdoor\/wp-json\/wp\/v2\/product_brand?post=4504"},{"taxonomy":"product_cat","embeddable":true,"href":"https:\/\/pualuan.cl\/outdoor\/wp-json\/wp\/v2\/product_cat?post=4504"},{"taxonomy":"product_tag","embeddable":true,"href":"https:\/\/pualuan.cl\/outdoor\/wp-json\/wp\/v2\/product_tag?post=4504"}],"curies":[{"name":"wp","href":"https:\/\/api.w.org\/{rel}","templated":true}]}}