{"id":4484,"date":"2025-08-12T04:30:19","date_gmt":"2025-08-12T04:30:19","guid":{"rendered":"https:\/\/pualuan.cl\/outdoor\/?post_type=product&#038;p=4484"},"modified":"2025-11-13T14:50:46","modified_gmt":"2025-11-13T14:50:46","slug":"termo-kano-400-ml","status":"publish","type":"product","link":"https:\/\/pualuan.cl\/outdoor\/producto\/termo-kano-400-ml\/","title":{"rendered":"Termo Kano 400 ml"},"content":{"rendered":"","protected":false},"excerpt":{"rendered":"<p>El Termo Kano es el complemento ideal para aquellas personas que disfrutan de la vida junto a una bebida caliente o fr\u00eda. Es una botella t\u00e9rmica excelente para el invierno como para el verano, mantiene tus bebidas calientes y fr\u00edas durante todo el d\u00eda. Podr\u00e1s llenarlo muy f\u00e1cilmente y su doble pared de acero inoxidable protege los l\u00edquidos de la radiaci\u00f3n ultravioleta, sin da\u00f1ar las vitaminas.<br \/>\nEste termo est\u00e1 llamado a ser tu imprescindible compa\u00f1ero de aventuras.<\/p>\n<p><strong>Caracter\u00edsticas<\/strong><\/p>\n<ul>\n<li>Doble pared aislada al vac\u00edo que preserva las propiedades de su contenido.<\/li>\n<li>F\u00e1cil de llenar y de limpiar gracias a su amplia abertura.<\/li>\n<li>Libre BPA.<\/li>\n<li>Resistente a golpes y al \u00f3xido.<\/li>\n<li>Termo\u00a0insulado.<\/li>\n<\/ul>\n<p><strong>Especificaciones<\/strong><\/p>\n<ul>\n<li>Material: Acero inoxidable.<\/li>\n<li>Peso: 264 g.<\/li>\n<li>Capacidad: 400 ml.<\/li>\n<\/ul>\n","protected":false},"featured_media":4485,"comment_status":"open","ping_status":"closed","template":"","meta":{"_joinchat":[]},"product_brand":[56],"product_cat":[88],"product_tag":[],"class_list":{"0":"post-4484","1":"product","2":"type-product","3":"status-publish","4":"has-post-thumbnail","6":"product_brand-kano","7":"product_cat-termos-y-botellas","9":"first","10":"instock","11":"shipping-taxable","12":"purchasable","13":"product-type-simple"},"_links":{"self":[{"href":"https:\/\/pualuan.cl\/outdoor\/wp-json\/wp\/v2\/product\/4484","targetHints":{"allow":["GET"]}}],"collection":[{"href":"https:\/\/pualuan.cl\/outdoor\/wp-json\/wp\/v2\/product"}],"about":[{"href":"https:\/\/pualuan.cl\/outdoor\/wp-json\/wp\/v2\/types\/product"}],"replies":[{"embeddable":true,"href":"https:\/\/pualuan.cl\/outdoor\/wp-json\/wp\/v2\/comments?post=4484"}],"wp:featuredmedia":[{"embeddable":true,"href":"https:\/\/pualuan.cl\/outdoor\/wp-json\/wp\/v2\/media\/4485"}],"wp:attachment":[{"href":"https:\/\/pualuan.cl\/outdoor\/wp-json\/wp\/v2\/media?parent=4484"}],"wp:term":[{"taxonomy":"product_brand","embeddable":true,"href":"https:\/\/pualuan.cl\/outdoor\/wp-json\/wp\/v2\/product_brand?post=4484"},{"taxonomy":"product_cat","embeddable":true,"href":"https:\/\/pualuan.cl\/outdoor\/wp-json\/wp\/v2\/product_cat?post=4484"},{"taxonomy":"product_tag","embeddable":true,"href":"https:\/\/pualuan.cl\/outdoor\/wp-json\/wp\/v2\/product_tag?post=4484"}],"curies":[{"name":"wp","href":"https:\/\/api.w.org\/{rel}","templated":true}]}}