{"id":4398,"date":"2025-08-10T05:28:37","date_gmt":"2025-08-10T05:28:37","guid":{"rendered":"https:\/\/pualuan.cl\/outdoor\/?post_type=product&#038;p=4398"},"modified":"2025-11-13T20:40:16","modified_gmt":"2025-11-13T20:40:16","slug":"mochila-chaleco-de-hidratacion-15l-trail-running-trekking","status":"publish","type":"product","link":"https:\/\/pualuan.cl\/outdoor\/producto\/mochila-chaleco-de-hidratacion-15l-trail-running-trekking\/","title":{"rendered":"Mochila Chaleco De Hidrataci\u00f3n 15l Trail Running Trekking"},"content":{"rendered":"<p>Nylon impermeable<br \/>\nCorreas ajustables<br \/>\nZonas reflectantes<br \/>\nM\u00faltiples bolsillos organizadores<br \/>\nDise\u00f1o ergon\u00f3mico y respirable<br \/>\nResistente al rasgado<br \/>\nCapacidad 15L<\/p>\n","protected":false},"excerpt":{"rendered":"<p>Nylon impermeable Correas ajustables Zonas reflectantes M\u00faltiples bolsillos organizadores Dise\u00f1o ergon\u00f3mico y respirable Resistente al rasgado Capacidad 15L<\/p>\n","protected":false},"featured_media":4399,"comment_status":"open","ping_status":"closed","template":"","meta":{"_joinchat":[]},"product_brand":[],"product_cat":[102],"product_tag":[],"class_list":{"0":"post-4398","1":"product","2":"type-product","3":"status-publish","4":"has-post-thumbnail","6":"product_cat-bolsos-y-mochilas","8":"first","9":"instock","10":"shipping-taxable","11":"purchasable","12":"product-type-simple"},"_links":{"self":[{"href":"https:\/\/pualuan.cl\/outdoor\/wp-json\/wp\/v2\/product\/4398","targetHints":{"allow":["GET"]}}],"collection":[{"href":"https:\/\/pualuan.cl\/outdoor\/wp-json\/wp\/v2\/product"}],"about":[{"href":"https:\/\/pualuan.cl\/outdoor\/wp-json\/wp\/v2\/types\/product"}],"replies":[{"embeddable":true,"href":"https:\/\/pualuan.cl\/outdoor\/wp-json\/wp\/v2\/comments?post=4398"}],"wp:featuredmedia":[{"embeddable":true,"href":"https:\/\/pualuan.cl\/outdoor\/wp-json\/wp\/v2\/media\/4399"}],"wp:attachment":[{"href":"https:\/\/pualuan.cl\/outdoor\/wp-json\/wp\/v2\/media?parent=4398"}],"wp:term":[{"taxonomy":"product_brand","embeddable":true,"href":"https:\/\/pualuan.cl\/outdoor\/wp-json\/wp\/v2\/product_brand?post=4398"},{"taxonomy":"product_cat","embeddable":true,"href":"https:\/\/pualuan.cl\/outdoor\/wp-json\/wp\/v2\/product_cat?post=4398"},{"taxonomy":"product_tag","embeddable":true,"href":"https:\/\/pualuan.cl\/outdoor\/wp-json\/wp\/v2\/product_tag?post=4398"}],"curies":[{"name":"wp","href":"https:\/\/api.w.org\/{rel}","templated":true}]}}