{"id":4368,"date":"2025-08-09T06:14:55","date_gmt":"2025-08-09T06:14:55","guid":{"rendered":"https:\/\/pualuan.cl\/outdoor\/?post_type=product&#038;p=4368"},"modified":"2025-11-12T17:58:01","modified_gmt":"2025-11-12T17:58:01","slug":"set-termo-bala-termo-travel-mate-keep-color-amarillo","status":"publish","type":"product","link":"https:\/\/pualuan.cl\/outdoor\/producto\/set-termo-bala-termo-travel-mate-keep-color-amarillo\/","title":{"rendered":"Set Termo Bala + Termo Travel Mate Keep Color Amarillo"},"content":{"rendered":"<p>Marca de accesorios reutilizables, moderna, de tonos muy coloridos y alegres, que ayuda a ser m\u00e1s f\u00e1cil y ecol\u00f3gica tu vida.<\/p>\n<p>Utensilios de cocina, termos, materos, infusores de t\u00e9 son algunos de sus productos, que podr\u00e1s disfrutar y llevar a todas partes.<\/p>\n<p>Adem\u00e1s son libres de BPA.<\/p>\n<p>Medidas :<\/p>\n<p>Termo Bala 500 ML<\/p>\n<p>Alto : 14 cm<\/p>\n<p>Ancho : 7 cm<\/p>\n<p>Diametro 7 Cm<\/p>\n<p>Travel Mate 400 ml<\/p>\n<p>Alto : 18 cm<\/p>\n<p>Ancho : 8 cm<\/p>\n<p>Diametro : 8 cm<\/p>\n","protected":false},"excerpt":{"rendered":"<p>Marca de accesorios reutilizables, moderna, de tonos muy coloridos y alegres, que ayuda a ser m\u00e1s f\u00e1cil y ecol\u00f3gica tu vida. Utensilios de cocina, termos, materos, infusores de t\u00e9 son&#8230;<\/p>\n","protected":false},"featured_media":4370,"comment_status":"open","ping_status":"closed","template":"","meta":{"_joinchat":[]},"product_brand":[61],"product_cat":[88],"product_tag":[],"class_list":{"0":"post-4368","1":"product","2":"type-product","3":"status-publish","4":"has-post-thumbnail","6":"product_brand-keep","7":"product_cat-termos-y-botellas","9":"first","10":"instock","11":"shipping-taxable","12":"purchasable","13":"product-type-simple"},"_links":{"self":[{"href":"https:\/\/pualuan.cl\/outdoor\/wp-json\/wp\/v2\/product\/4368","targetHints":{"allow":["GET"]}}],"collection":[{"href":"https:\/\/pualuan.cl\/outdoor\/wp-json\/wp\/v2\/product"}],"about":[{"href":"https:\/\/pualuan.cl\/outdoor\/wp-json\/wp\/v2\/types\/product"}],"replies":[{"embeddable":true,"href":"https:\/\/pualuan.cl\/outdoor\/wp-json\/wp\/v2\/comments?post=4368"}],"wp:featuredmedia":[{"embeddable":true,"href":"https:\/\/pualuan.cl\/outdoor\/wp-json\/wp\/v2\/media\/4370"}],"wp:attachment":[{"href":"https:\/\/pualuan.cl\/outdoor\/wp-json\/wp\/v2\/media?parent=4368"}],"wp:term":[{"taxonomy":"product_brand","embeddable":true,"href":"https:\/\/pualuan.cl\/outdoor\/wp-json\/wp\/v2\/product_brand?post=4368"},{"taxonomy":"product_cat","embeddable":true,"href":"https:\/\/pualuan.cl\/outdoor\/wp-json\/wp\/v2\/product_cat?post=4368"},{"taxonomy":"product_tag","embeddable":true,"href":"https:\/\/pualuan.cl\/outdoor\/wp-json\/wp\/v2\/product_tag?post=4368"}],"curies":[{"name":"wp","href":"https:\/\/api.w.org\/{rel}","templated":true}]}}