{"id":4328,"date":"2025-08-08T14:21:52","date_gmt":"2025-08-08T14:21:52","guid":{"rendered":"https:\/\/pualuan.cl\/outdoor\/?post_type=product&#038;p=4328"},"modified":"2025-11-17T19:13:56","modified_gmt":"2025-11-17T19:13:56","slug":"chaleco-salvavidas-de-neopreno-kano","status":"publish","type":"product","link":"https:\/\/pualuan.cl\/outdoor\/producto\/chaleco-salvavidas-de-neopreno-kano\/","title":{"rendered":"Chaleco Salvavidas De Neopreno Kano"},"content":{"rendered":"<ul>\n<li>El\u00a0<strong>Salvavidas de Neopreno By Kano\u00a0<\/strong>es una gran elecci\u00f3n para garantizar la seguridad en actividades acu\u00e1ticas. Fabricados con neopreno, estos chalecos ofrecen una comodidad inigualable y un ajuste perfecto al contorno del cuerpo, con cierre y doble cintur\u00f3n, lo que los hace ideales para nadadores y deportistas acu\u00e1ticos. El cierre con cremallera y el doble cintur\u00f3n proporcionan un nivel adicional de seguridad, ayudando a que el salvavidas permanezca en su lugar incluso en condiciones adversas. Su flexibilidad y ajuste lo convierten en el aliado perfecto para excursiones en kayak, stand up paddle, bote inflable, incluso en salidas de pesca y deportes acu\u00e1ticos con actividad m\u00e1s exigente.<strong>Caracter\u00edsticas<\/strong>\n<ul>\n<li><em>Flotabilidad confiable:<\/em>\u00a0Confeccionados con relleno de espuma EPE. Este material es conocido por su excelente capacidad de flotaci\u00f3n.<\/li>\n<li><em>Material duradero:<\/em>\u00a0El neopreno es resistente al desgaste y a la exposici\u00f3n al agua, lo que garantiza la durabilidad del chaleco salvavidas en diversas condiciones.<\/li>\n<li><em>Comodidad, ajuste y cierre seguro:<\/em>\u00a0Es suave al tacto y se adapta c\u00f3modamente al cuerpo, lo que permite una mayor movilidad y comodidad para el usuario. El ajuste adecuado se logra gracias a las correas de cierre.<\/li>\n<li><em>Visibilidad:<\/em>\u00a0Este chaleco viene con detalles en verde lima, lo que ayuda a dar visibilidad en el agua.<\/li>\n<li>Cierre YKK frontal para f\u00e1cil y r\u00e1pido calce.<\/li>\n<li>Ideal para pesca, kayak, stand up paddle, bote inflable, y gran variedad de deportes acu\u00e1ticos.<\/li>\n<\/ul>\n<p><strong>Especificaciones<\/strong><\/p>\n<ul>\n<li>Exterior y forro de Neopreno ultra durable y flexible<\/li>\n<li>Espuma 100% PE para m\u00e1xima comodidad<\/li>\n<li>2 cinturones con hebillas de liberaci\u00f3n r\u00e1pida y correas ajustables<\/li>\n<li>Materiales: Neopreno y Espuma EPE<\/li>\n<li>Cierre YKK<\/li>\n<li>Peso del producto: 0.8kgs<\/li>\n<\/ul>\n<\/li>\n<\/ul>\n","protected":false},"excerpt":{"rendered":"<p>El\u00a0Salvavidas de Neopreno By Kano\u00a0es una gran elecci\u00f3n para garantizar la seguridad en actividades acu\u00e1ticas. Fabricados con neopreno, estos chalecos ofrecen una comodidad inigualable y un ajuste perfecto al contorno&#8230;<\/p>\n","protected":false},"featured_media":4330,"comment_status":"open","ping_status":"closed","template":"","meta":{"_joinchat":[]},"product_brand":[56],"product_cat":[97],"product_tag":[],"class_list":{"0":"post-4328","1":"product","2":"type-product","3":"status-publish","4":"has-post-thumbnail","6":"product_brand-kano","7":"product_cat-deportes","9":"first","10":"instock","11":"shipping-taxable","12":"purchasable","13":"product-type-simple"},"_links":{"self":[{"href":"https:\/\/pualuan.cl\/outdoor\/wp-json\/wp\/v2\/product\/4328","targetHints":{"allow":["GET"]}}],"collection":[{"href":"https:\/\/pualuan.cl\/outdoor\/wp-json\/wp\/v2\/product"}],"about":[{"href":"https:\/\/pualuan.cl\/outdoor\/wp-json\/wp\/v2\/types\/product"}],"replies":[{"embeddable":true,"href":"https:\/\/pualuan.cl\/outdoor\/wp-json\/wp\/v2\/comments?post=4328"}],"wp:featuredmedia":[{"embeddable":true,"href":"https:\/\/pualuan.cl\/outdoor\/wp-json\/wp\/v2\/media\/4330"}],"wp:attachment":[{"href":"https:\/\/pualuan.cl\/outdoor\/wp-json\/wp\/v2\/media?parent=4328"}],"wp:term":[{"taxonomy":"product_brand","embeddable":true,"href":"https:\/\/pualuan.cl\/outdoor\/wp-json\/wp\/v2\/product_brand?post=4328"},{"taxonomy":"product_cat","embeddable":true,"href":"https:\/\/pualuan.cl\/outdoor\/wp-json\/wp\/v2\/product_cat?post=4328"},{"taxonomy":"product_tag","embeddable":true,"href":"https:\/\/pualuan.cl\/outdoor\/wp-json\/wp\/v2\/product_tag?post=4328"}],"curies":[{"name":"wp","href":"https:\/\/api.w.org\/{rel}","templated":true}]}}