{"id":4322,"date":"2025-08-08T14:09:01","date_gmt":"2025-08-08T14:09:01","guid":{"rendered":"https:\/\/pualuan.cl\/outdoor\/?post_type=product&#038;p=4322"},"modified":"2025-08-31T23:12:09","modified_gmt":"2025-08-31T23:12:09","slug":"chaqueta-black-bear","status":"publish","type":"product","link":"https:\/\/pualuan.cl\/outdoor\/producto\/chaqueta-black-bear\/","title":{"rendered":"Chaqueta Black Bear"},"content":{"rendered":"<h2 class=\"ui-pdp-description__title\" data-testid=\"title\">Descripci\u00f3n<\/h2>\n<p class=\"ui-pdp-description__content\" data-testid=\"content\">PARKA TECNICA MODELO KLONDIKE, de la l\u00ednea Maple de Black Bear, es una de las chaquetas mas avanzadas en su tipo. En su confecci\u00f3n se ha utilizado una fusi\u00f3n de fibras de poli\u00e9ster y tefl\u00f3n en un tejido tipo membrana que supera ampliamente a otros materiales sint\u00e9ticos en durabilidad, impermeabilidad y flexibilidad, lo que le convierte en un material ideal para el dise\u00f1o de prendas deportivas, destinadas para actividades al aire libre.<br \/>\nC\u00f3moda y ligera, Klondike, protege de los efectos de la lluvia y viento evacuando eficientemente la humedad generada por actividad f\u00edsica, manteniendo su cuerpo seco y abrigado<\/p>\n<p>Caracter\u00edsticas.<\/p>\n<p>Tejido textil tipo membrana (Poli\u00e9ster y Tefl\u00f3n).<br \/>\nTela respirable.<br \/>\nChaqueta de cuello alto.<br \/>\nLiviana.<br \/>\n100% Impermeable.<br \/>\nExtra respiraci\u00f3n en brazos.<br \/>\nCosturas selladas.<br \/>\nCierres waterproof.<br \/>\nGorro ajustable de tres paneles, con visera r\u00edgida.<br \/>\nPu\u00f1os de mangas ajustables.<\/p>\n","protected":false},"excerpt":{"rendered":"<p>Descripci\u00f3n PARKA TECNICA MODELO KLONDIKE, de la l\u00ednea Maple de Black Bear, es una de las chaquetas mas avanzadas en su tipo. En su confecci\u00f3n se ha utilizado una fusi\u00f3n&#8230;<\/p>\n","protected":false},"featured_media":4324,"comment_status":"open","ping_status":"closed","template":"","meta":{"_joinchat":[]},"product_brand":[62],"product_cat":[45],"product_tag":[],"class_list":{"0":"post-4322","1":"product","2":"type-product","3":"status-publish","4":"has-post-thumbnail","6":"product_brand-black-bear","7":"product_cat-ropa","9":"first","10":"instock","11":"shipping-taxable","12":"purchasable","13":"product-type-simple"},"_links":{"self":[{"href":"https:\/\/pualuan.cl\/outdoor\/wp-json\/wp\/v2\/product\/4322","targetHints":{"allow":["GET"]}}],"collection":[{"href":"https:\/\/pualuan.cl\/outdoor\/wp-json\/wp\/v2\/product"}],"about":[{"href":"https:\/\/pualuan.cl\/outdoor\/wp-json\/wp\/v2\/types\/product"}],"replies":[{"embeddable":true,"href":"https:\/\/pualuan.cl\/outdoor\/wp-json\/wp\/v2\/comments?post=4322"}],"wp:featuredmedia":[{"embeddable":true,"href":"https:\/\/pualuan.cl\/outdoor\/wp-json\/wp\/v2\/media\/4324"}],"wp:attachment":[{"href":"https:\/\/pualuan.cl\/outdoor\/wp-json\/wp\/v2\/media?parent=4322"}],"wp:term":[{"taxonomy":"product_brand","embeddable":true,"href":"https:\/\/pualuan.cl\/outdoor\/wp-json\/wp\/v2\/product_brand?post=4322"},{"taxonomy":"product_cat","embeddable":true,"href":"https:\/\/pualuan.cl\/outdoor\/wp-json\/wp\/v2\/product_cat?post=4322"},{"taxonomy":"product_tag","embeddable":true,"href":"https:\/\/pualuan.cl\/outdoor\/wp-json\/wp\/v2\/product_tag?post=4322"}],"curies":[{"name":"wp","href":"https:\/\/api.w.org\/{rel}","templated":true}]}}