{"id":4304,"date":"2025-08-07T03:14:44","date_gmt":"2025-08-07T03:14:44","guid":{"rendered":"https:\/\/pualuan.cl\/outdoor\/?post_type=product&#038;p=4304"},"modified":"2025-10-15T10:36:07","modified_gmt":"2025-10-15T10:36:07","slug":"poncho-impermeable","status":"publish","type":"product","link":"https:\/\/pualuan.cl\/outdoor\/producto\/poncho-impermeable\/","title":{"rendered":"Poncho Impermeable"},"content":{"rendered":"<h2 class=\"ui-pdp-description__title\" data-testid=\"title\">Descripci\u00f3n<\/h2>\n<p class=\"ui-pdp-description__content\" data-testid=\"content\">Buscas una protecci\u00f3n contra regular la lluvia en tu pr\u00e1ctica de ciclismo en ciudad. El Poncho National Geographic es perfecto para mantenerte seco bajo lluvia moderada. Que la lluvia no te pille desprevenido. Este impermeable te cubre de la cabeza a la rodilla y tambi\u00e9n a la bicicleta, del asiento al manillar. Que nada te detenga en tus aventuras al aire libre. Con\u00e9ctate con la naturaleza en cualquiera de sus formatos.<br \/>\nMedidas: Largo 127 x ancho 102 cm<br \/>\nMaterial: 100% PVC<br \/>\nEspesor: 0.22 0.25 mm<br \/>\nPoncho 100% Impermeable<br \/>\nColor: Verde y Azul<br \/>\nIdeal para camping, actividades al aire libre y pesca<br \/>\nMarca: National Geographic<\/p>\n","protected":false},"excerpt":{"rendered":"<p>Descripci\u00f3n Buscas una protecci\u00f3n contra regular la lluvia en tu pr\u00e1ctica de ciclismo en ciudad. El Poncho National Geographic es perfecto para mantenerte seco bajo lluvia moderada. Que la lluvia&#8230;<\/p>\n","protected":false},"featured_media":4305,"comment_status":"open","ping_status":"closed","template":"","meta":{"_joinchat":[]},"product_brand":[55],"product_cat":[42,45],"product_tag":[],"class_list":{"0":"post-4304","1":"product","2":"type-product","3":"status-publish","4":"has-post-thumbnail","6":"product_brand-national-geographic","7":"product_cat-camping-y-trekking","8":"product_cat-ropa","10":"first","11":"instock","12":"shipping-taxable","13":"purchasable","14":"product-type-simple"},"_links":{"self":[{"href":"https:\/\/pualuan.cl\/outdoor\/wp-json\/wp\/v2\/product\/4304","targetHints":{"allow":["GET"]}}],"collection":[{"href":"https:\/\/pualuan.cl\/outdoor\/wp-json\/wp\/v2\/product"}],"about":[{"href":"https:\/\/pualuan.cl\/outdoor\/wp-json\/wp\/v2\/types\/product"}],"replies":[{"embeddable":true,"href":"https:\/\/pualuan.cl\/outdoor\/wp-json\/wp\/v2\/comments?post=4304"}],"wp:featuredmedia":[{"embeddable":true,"href":"https:\/\/pualuan.cl\/outdoor\/wp-json\/wp\/v2\/media\/4305"}],"wp:attachment":[{"href":"https:\/\/pualuan.cl\/outdoor\/wp-json\/wp\/v2\/media?parent=4304"}],"wp:term":[{"taxonomy":"product_brand","embeddable":true,"href":"https:\/\/pualuan.cl\/outdoor\/wp-json\/wp\/v2\/product_brand?post=4304"},{"taxonomy":"product_cat","embeddable":true,"href":"https:\/\/pualuan.cl\/outdoor\/wp-json\/wp\/v2\/product_cat?post=4304"},{"taxonomy":"product_tag","embeddable":true,"href":"https:\/\/pualuan.cl\/outdoor\/wp-json\/wp\/v2\/product_tag?post=4304"}],"curies":[{"name":"wp","href":"https:\/\/api.w.org\/{rel}","templated":true}]}}