{"id":4205,"date":"2025-08-05T20:12:54","date_gmt":"2025-08-05T20:12:54","guid":{"rendered":"https:\/\/pualuan.cl\/outdoor\/?post_type=product&#038;p=4205"},"modified":"2025-11-13T20:22:03","modified_gmt":"2025-11-13T20:22:03","slug":"zapatilla-outdoor-impermeable-climber-revel-stoke-cafe-hombre","status":"publish","type":"product","link":"https:\/\/pualuan.cl\/outdoor\/producto\/zapatilla-outdoor-impermeable-climber-revel-stoke-cafe-hombre\/","title":{"rendered":"Zapatilla Outdoor Impermeable CLIMBER REVEL STOKE Caf\u00e9 Hombre"},"content":{"rendered":"<p>Revel Stoke, hechos 100% con cuero natural chileno, amigable con el medio ambiente. Transmitimos toda nuestra experiencia en este modelo vers\u00e1til. Este dise\u00f1o presenta una planta de gran tracci\u00f3n Max Terra. Tus pies se mantendr\u00e1n secos gracias a su membrana Climber Dry impermeable y respirable. Este cl\u00e1sico es c\u00f3modo y liviano.<\/p>\n","protected":false},"excerpt":{"rendered":"<p>Revel Stoke, hechos 100% con cuero natural chileno, amigable con el medio ambiente. Transmitimos toda nuestra experiencia en este modelo vers\u00e1til. Este dise\u00f1o presenta una planta de gran tracci\u00f3n Max&#8230;<\/p>\n","protected":false},"featured_media":4206,"comment_status":"open","ping_status":"closed","template":"","meta":{"_joinchat":[]},"product_brand":[60],"product_cat":[63],"product_tag":[],"class_list":{"0":"post-4205","1":"product","2":"type-product","3":"status-publish","4":"has-post-thumbnail","6":"product_brand-climber","7":"product_cat-calzado","9":"first","10":"instock","11":"shipping-taxable","12":"purchasable","13":"product-type-simple"},"_links":{"self":[{"href":"https:\/\/pualuan.cl\/outdoor\/wp-json\/wp\/v2\/product\/4205","targetHints":{"allow":["GET"]}}],"collection":[{"href":"https:\/\/pualuan.cl\/outdoor\/wp-json\/wp\/v2\/product"}],"about":[{"href":"https:\/\/pualuan.cl\/outdoor\/wp-json\/wp\/v2\/types\/product"}],"replies":[{"embeddable":true,"href":"https:\/\/pualuan.cl\/outdoor\/wp-json\/wp\/v2\/comments?post=4205"}],"wp:featuredmedia":[{"embeddable":true,"href":"https:\/\/pualuan.cl\/outdoor\/wp-json\/wp\/v2\/media\/4206"}],"wp:attachment":[{"href":"https:\/\/pualuan.cl\/outdoor\/wp-json\/wp\/v2\/media?parent=4205"}],"wp:term":[{"taxonomy":"product_brand","embeddable":true,"href":"https:\/\/pualuan.cl\/outdoor\/wp-json\/wp\/v2\/product_brand?post=4205"},{"taxonomy":"product_cat","embeddable":true,"href":"https:\/\/pualuan.cl\/outdoor\/wp-json\/wp\/v2\/product_cat?post=4205"},{"taxonomy":"product_tag","embeddable":true,"href":"https:\/\/pualuan.cl\/outdoor\/wp-json\/wp\/v2\/product_tag?post=4205"}],"curies":[{"name":"wp","href":"https:\/\/api.w.org\/{rel}","templated":true}]}}