{"id":4105,"date":"2025-08-05T05:27:30","date_gmt":"2025-08-05T05:27:30","guid":{"rendered":"https:\/\/pualuan.cl\/outdoor\/?post_type=product&#038;p=4105"},"modified":"2025-11-13T20:23:05","modified_gmt":"2025-11-13T20:23:05","slug":"zapatilla-outdoor-impermeable-climber-baker-negro-hombre","status":"publish","type":"product","link":"https:\/\/pualuan.cl\/outdoor\/producto\/zapatilla-outdoor-impermeable-climber-baker-negro-hombre\/","title":{"rendered":"Zapatilla Outdoor Impermeable CLIMBER BAKER Negro Hombre"},"content":{"rendered":"<p style=\"font-weight: 400\"><strong>Zapatilla Outdoor Climber Baker<\/strong><\/p>\n<p style=\"font-weight: 400\">Nuestro bot\u00edn premium dise\u00f1ado para acompa\u00f1arte en todas tus aventuras con la m\u00e1xima comodidad. Fabricado con tecnolog\u00eda de \u00faltima generaci\u00f3n, cuenta con una membrana impermeable y respirable\u00a0<strong>Climber Dry<\/strong>, que mantiene tus pies secos y frescos en cualquier clima.<\/p>\n<p style=\"font-weight: 400\">Su planta con alto poder de tracci\u00f3n Max Terra te brinda seguridad y estabilidad incluso en los terrenos m\u00e1s desafiantes.<\/p>\n<p style=\"font-weight: 400\"><strong>Caracter\u00edsticas destacadas:<\/strong><\/p>\n<ul style=\"font-weight: 400\">\n<li><strong>Climber Dry:<\/strong>\u00a0Membrana que combina impermeabilidad y transpirabilidad para mantener tus pies secos y c\u00f3modos en cualquier clima.<\/li>\n<li><strong>Max Terra:<\/strong>\u00a0Planta especializada para mayor tracci\u00f3n y antideslizamiento para suelos agrestes e irregulares. Bimaterial (Caucho acr\u00edlico nitrilo \/ EVA)<\/li>\n<li><strong>Ultra Confort:<\/strong>\u00a0Plantillas interiores hechas de material reciclado, que ofrecen una amortiguaci\u00f3n incre\u00edble, antibacterial y que respeta el medio ambiente.<\/li>\n<li><strong>Dise\u00f1o moderno:<\/strong>\u00a0Un estilo atractivo que se adapta a cualquier aventura.<\/li>\n<\/ul>\n","protected":false},"excerpt":{"rendered":"<p>Zapatilla Outdoor Climber Baker Nuestro bot\u00edn premium dise\u00f1ado para acompa\u00f1arte en todas tus aventuras con la m\u00e1xima comodidad. Fabricado con tecnolog\u00eda de \u00faltima generaci\u00f3n, cuenta con una membrana impermeable y&#8230;<\/p>\n","protected":false},"featured_media":4092,"comment_status":"open","ping_status":"closed","template":"","meta":{"_joinchat":[]},"product_brand":[60],"product_cat":[63],"product_tag":[],"class_list":{"0":"post-4105","1":"product","2":"type-product","3":"status-publish","4":"has-post-thumbnail","6":"product_brand-climber","7":"product_cat-calzado","9":"first","10":"instock","11":"shipping-taxable","12":"purchasable","13":"product-type-simple"},"_links":{"self":[{"href":"https:\/\/pualuan.cl\/outdoor\/wp-json\/wp\/v2\/product\/4105","targetHints":{"allow":["GET"]}}],"collection":[{"href":"https:\/\/pualuan.cl\/outdoor\/wp-json\/wp\/v2\/product"}],"about":[{"href":"https:\/\/pualuan.cl\/outdoor\/wp-json\/wp\/v2\/types\/product"}],"replies":[{"embeddable":true,"href":"https:\/\/pualuan.cl\/outdoor\/wp-json\/wp\/v2\/comments?post=4105"}],"wp:featuredmedia":[{"embeddable":true,"href":"https:\/\/pualuan.cl\/outdoor\/wp-json\/wp\/v2\/media\/4092"}],"wp:attachment":[{"href":"https:\/\/pualuan.cl\/outdoor\/wp-json\/wp\/v2\/media?parent=4105"}],"wp:term":[{"taxonomy":"product_brand","embeddable":true,"href":"https:\/\/pualuan.cl\/outdoor\/wp-json\/wp\/v2\/product_brand?post=4105"},{"taxonomy":"product_cat","embeddable":true,"href":"https:\/\/pualuan.cl\/outdoor\/wp-json\/wp\/v2\/product_cat?post=4105"},{"taxonomy":"product_tag","embeddable":true,"href":"https:\/\/pualuan.cl\/outdoor\/wp-json\/wp\/v2\/product_tag?post=4105"}],"curies":[{"name":"wp","href":"https:\/\/api.w.org\/{rel}","templated":true}]}}