{"id":4066,"date":"2025-08-03T23:17:43","date_gmt":"2025-08-03T23:17:43","guid":{"rendered":"https:\/\/pualuan.cl\/outdoor\/?post_type=product&#038;p=4066"},"modified":"2025-08-31T23:13:14","modified_gmt":"2025-08-31T23:13:14","slug":"audifonos-bluetooth-5-3-tws-m10-true-wireless","status":"publish","type":"product","link":"https:\/\/pualuan.cl\/outdoor\/producto\/audifonos-bluetooth-5-3-tws-m10-true-wireless\/","title":{"rendered":"Aud\u00edfonos Bluetooth 5.3 TWS M10 True Wireless"},"content":{"rendered":"<p>Sum\u00e9rgete en un para\u00edso de audio con nuestros aud\u00edfonos inal\u00e1mbricos M10. Estos aud\u00edfonos TWS de \u00faltima generaci\u00f3n, impulsados por la avanzada tecnolog\u00eda Bluetooth 5.3, brindan una conexi\u00f3n r\u00e1pida y estable, lo que garantiza una experiencia de sonido envolvente que te dejar\u00e1 con ganas de m\u00e1s de tu m\u00fasica, podcasts y llamadas favoritas.<\/p>\n<p>Dise\u00f1ado para el deporte Haz que tu vida sea diferente.<br \/>\nTanto el o\u00eddo izquierdo como el derecho tienen una funcionalidad completa de aud\u00edfonos Bluetooth y se pueden usar individualmente o en parejas.<\/p>\n<p>Toca, con\u00e9ctate, disfruta: Con el control t\u00e1ctil total y la tecnolog\u00eda de conexi\u00f3n autom\u00e1tica, tu m\u00fasica y tus llamadas est\u00e1n al alcance de tu mano. Solo tienes que pon\u00e9rtelos en los o\u00eddos y los aud\u00edfonos LED inteligentes har\u00e1n el resto. Con\u00e9ctese sin esfuerzo y disfrute de la libertad del audio inal\u00e1mbrico sin interrupciones ni retrasos. Mantente conectado y disfruta de tu m\u00fasica con comodidad y facilidad.<\/p>\n<p>Dise\u00f1o vers\u00e1til y duradero: estos aud\u00edfonos est\u00e1n dise\u00f1ados para estilos de vida activos. Dise\u00f1ados para la acci\u00f3n: estos aud\u00edfonos deportivos ligeros, impermeables y resistentes al sudor est\u00e1n listos para tus entrenamientos m\u00e1s intensos. Son el sue\u00f1o de los entusiastas del fitness, ya que ofrecen un ajuste seguro y una bater\u00eda de larga duraci\u00f3n.<\/p>\n<p>Compatibilidad universal: Estos aud\u00edfonos funcionan muy bien con todos los dispositivos habilitados para Bluetooth, lo que los hace vers\u00e1tiles y adaptables a su ecosistema tecnol\u00f3gico.<\/p>\n<p>Potencia de carga inal\u00e1mbrica: Mantenga la m\u00fasica con la comodidad de la carga inal\u00e1mbrica. El estuche de carga port\u00e1til garantiza que sus aud\u00edfonos est\u00e9n listos para la acci\u00f3n cuando usted lo est\u00e9. Disfruta del control manos libres con un simple toque, lo que hace que tu experiencia auditiva sea m\u00e1s c\u00f3moda y agradable.<\/p>\n<p>Sonido est\u00e9reo de alta definici\u00f3n: Sum\u00e9rgete en una experiencia musical excepcional con los aud\u00edfonos inal\u00e1mbricos M10. Estos aud\u00edfonos ofrecen un sonido est\u00e9reo de alta definici\u00f3n, ofreciendo graves profundos y resonantes que puedes sentir, medios ricos que a\u00f1aden calidez y profundidad a tu m\u00fasica, y agudos claros y brillantes que hacen que cada nota destaque. Es como tener un asiento en primera fila en tu concierto favorito, donde cada instrumento y letra se presenta con una claridad notable, creando un viaje de audio inolvidable.<\/p>\n<p>Escenario sonoro est\u00e9reo HD: Ad\u00e9ntrate en un mundo de excelencia de audio con nuestros aud\u00edfonos inal\u00e1mbricos M10. Sum\u00e9rgete en el rico sonido est\u00e9reo de alta definici\u00f3n que ofrece graves profundos y resonantes, medios bien equilibrados y agudos n\u00edtidos. Cada nota cobra vida, lo que hace que tu experiencia musical sea realmente m\u00e1gica.<\/p>\n<p>Comodidad a tu medida: Fabricados con un dise\u00f1o ergon\u00f3mico, estos aud\u00edfonos ofrecen algo m\u00e1s que un sonido excepcional. Est\u00e1n dise\u00f1ados para brindar comodidad durante sesiones de escucha prolongadas, lo que garantiza que pueda disfrutar de sus canciones favoritas sin la m\u00e1s m\u00ednima molestia, incluso durante esas sesiones de m\u00fasica maratonianas.<\/p>\n<p>Carga sencilla, en cualquier momento y en cualquier lugar: Diga adi\u00f3s a las molestias de los cables patentados. Estos aud\u00edfonos se pueden cargar f\u00e1cilmente con una simple conexi\u00f3n micro USB, lo que hace que sea conveniente cargar sus aud\u00edfonos dondequiera que est\u00e9, lo que garantiza que siempre est\u00e9 listo para disfrutar de su m\u00fasica.<\/p>\n<p>Construido para desafiar los elementos: No es necesario dejar que el clima dicte sus actividades. Estos aud\u00edfonos deportivos est\u00e1n equipados con impermeabilidad IPX5, lo que los convierte en la opci\u00f3n perfecta para carreras lluviosas, entrenamientos empapados de sudor y aventuras al aire libre en cualquier clima.<\/p>\n<p>Buena duraci\u00f3n de la bater\u00eda, experiencia ininterrumpida: los aud\u00edfonos M10 cuentan con una bater\u00eda potente y duradera, que proporciona horas de m\u00fasica ininterrumpida y tiempo de llamada con una sola carga. Puedes disfrutar de tu m\u00fasica, juegos o llamadas sin preocuparte constantemente por la recarga. Experimenta un viaje de audio simple y \u00fanico con una mayor duraci\u00f3n de la bater\u00eda.<\/p>\n<p><strong>Caracter\u00edsticas<\/strong><\/p>\n<p><strong>Par\u00e1metros<\/strong>:<br \/>\n* Versi\u00f3n Bluetooth: 5,3<br \/>\n* Tiempo de reproducci\u00f3n: aproximadamente 4 a 5 hrs<br \/>\n* Tiempo en espera: aproximadamente 680H<br \/>\n* Tiempo de carga de los audifonos: aproximadamente 1-2h<br \/>\n* Capacidad de la bater\u00eda del auricular: 500mAh<br \/>\n* Voltaje de carga: DC 5V<br \/>\n* Puerto de carga: puerto de carga tipo C<br \/>\n* Recordatorio de baja potencia: Voz<\/p>\n<p>Reducci\u00f3n de ruido: CVC8.0<\/p>\n<p>Distancia de funcionamiento: unos 10 metros<\/p>\n<p>1. Dise\u00f1o ergon\u00f3mico personalizado, para garantizar un sentido del o\u00eddo c\u00f3modo;<\/p>\n<p>2. La \u00faltima tecnolog\u00eda BT V5.3;<\/p>\n<p>3. Las bater\u00edas de alta capacidad se utilizan durante mucho tiempo;<\/p>\n<p>4. Dise\u00f1ado para deportes, use s\u00f3lido;<\/p>\n<p>5. Llamadas de soporte de micr\u00f3fono de alta definici\u00f3n;<\/p>\n<p>6. Haz tu vida m\u00e1s c\u00f3moda.<\/p>\n<p>7. Aud\u00edfonos M10 con estuche de carga inal\u00e1mbrica.<\/p>\n<p>Reproducir pausa (clic), contestar colgar (clic), despertar a Siri (pulsaci\u00f3n corta), ajuste de volumen (tres pulsaciones), subir y bajar canciones (doble clic)<\/p>\n<p>Distancia de funcionamiento: unos 10 metros<\/p>\n<p><strong>Incluye<\/strong>:<br \/>\n1 * Par de aud\u00edfonos inal\u00e1mbricos (izquierdo y derecho)<br \/>\n1 * Estuche de carga<br \/>\n1 * Cable de carga<br \/>\n4 * Eartips<br \/>\n1 * Manual de usuario en ingl\u00e9s<\/p>\n","protected":false},"excerpt":{"rendered":"<p>Sum\u00e9rgete en un para\u00edso de audio con nuestros aud\u00edfonos inal\u00e1mbricos M10. Estos aud\u00edfonos TWS de \u00faltima generaci\u00f3n, impulsados por la avanzada tecnolog\u00eda Bluetooth 5.3, brindan una conexi\u00f3n r\u00e1pida y estable,&#8230;<\/p>\n","protected":false},"featured_media":4069,"comment_status":"open","ping_status":"closed","template":"","meta":{"_joinchat":[]},"product_brand":[],"product_cat":[46],"product_tag":[],"class_list":{"0":"post-4066","1":"product","2":"type-product","3":"status-publish","4":"has-post-thumbnail","6":"product_cat-electronica-y-solar","8":"first","9":"instock","10":"shipping-taxable","11":"purchasable","12":"product-type-simple"},"_links":{"self":[{"href":"https:\/\/pualuan.cl\/outdoor\/wp-json\/wp\/v2\/product\/4066","targetHints":{"allow":["GET"]}}],"collection":[{"href":"https:\/\/pualuan.cl\/outdoor\/wp-json\/wp\/v2\/product"}],"about":[{"href":"https:\/\/pualuan.cl\/outdoor\/wp-json\/wp\/v2\/types\/product"}],"replies":[{"embeddable":true,"href":"https:\/\/pualuan.cl\/outdoor\/wp-json\/wp\/v2\/comments?post=4066"}],"wp:featuredmedia":[{"embeddable":true,"href":"https:\/\/pualuan.cl\/outdoor\/wp-json\/wp\/v2\/media\/4069"}],"wp:attachment":[{"href":"https:\/\/pualuan.cl\/outdoor\/wp-json\/wp\/v2\/media?parent=4066"}],"wp:term":[{"taxonomy":"product_brand","embeddable":true,"href":"https:\/\/pualuan.cl\/outdoor\/wp-json\/wp\/v2\/product_brand?post=4066"},{"taxonomy":"product_cat","embeddable":true,"href":"https:\/\/pualuan.cl\/outdoor\/wp-json\/wp\/v2\/product_cat?post=4066"},{"taxonomy":"product_tag","embeddable":true,"href":"https:\/\/pualuan.cl\/outdoor\/wp-json\/wp\/v2\/product_tag?post=4066"}],"curies":[{"name":"wp","href":"https:\/\/api.w.org\/{rel}","templated":true}]}}